{"id":9002,"date":"2022-07-08T15:42:55","date_gmt":"2022-07-08T13:42:55","guid":{"rendered":"http:\/\/ivaviljevac.1o1o.com.hr\/proizvod\/starfish-privjesak\/"},"modified":"2024-02-18T20:13:28","modified_gmt":"2024-02-18T19:13:28","slug":"starfish-pendant","status":"publish","type":"product","link":"https:\/\/ivaviljevac.1o1o.com.hr\/en\/product-2\/starfish-pendant\/","title":{"rendered":"Starfish pendant"},"content":{"rendered":"<p>The Starfish pendant is handmade from silver. Minimalist but playful is an unusual detail that you will wear every day, and it will fit with all your favorite necklaces. Due to its size and shape, it easily fits into the layering technique of necklaces. It is also interesting to have a different gift that everyone will like, and you can choose between silver and gilded silver, ie gold and pink gilding.<\/p>","protected":false},"excerpt":{"rendered":"<p>Starfish privjesak ru\u010dno je izra\u0111en od srebra. Minimalisti\u010dki, ali razigran neobi\u010dan je detalj koji \u0107ete nositi svakoga dana, a uklopit \u0107e se uz sve va\u0161e najdra\u017ee ogrlice. Zbog svoje veli\u010dine i oblika lako se uklapa u layering tehniku ogrlica. Zanimljiv je i druga\u010diji poklon koji \u0107e se svidjeti ba\u0161 svima, a birati mo\u017eete izme\u0111u srebra [&hellip;]<\/p>","protected":false},"featured_media":13033,"template":"","meta":{"_acf_changed":false},"product_brand":[],"product_cat":[340,341,332,270],"product_tag":[],"class_list":{"0":"post-9002","1":"product","2":"type-product","3":"status-publish","4":"has-post-thumbnail","6":"product_cat-do-50-e","7":"product_cat-do-75-e","8":"product_cat-ljeto","9":"product_cat-privjesci","10":"pa_boja-rosegold","11":"pa_boja-srebrna","12":"pa_boja-zlatna","14":"first","15":"instock","16":"taxable","17":"shipping-taxable","18":"purchasable","19":"product-type-variable","20":"add-to-wishlist-before_image"},"exclude_global_add_ons":[],"addons":[],"acf":[],"_links":{"self":[{"href":"https:\/\/ivaviljevac.1o1o.com.hr\/en\/wp-json\/wp\/v2\/product\/9002","targetHints":{"allow":["GET"]}}],"collection":[{"href":"https:\/\/ivaviljevac.1o1o.com.hr\/en\/wp-json\/wp\/v2\/product"}],"about":[{"href":"https:\/\/ivaviljevac.1o1o.com.hr\/en\/wp-json\/wp\/v2\/types\/product"}],"wp:featuredmedia":[{"embeddable":true,"href":"https:\/\/ivaviljevac.1o1o.com.hr\/en\/wp-json\/wp\/v2\/media\/13033"}],"wp:attachment":[{"href":"https:\/\/ivaviljevac.1o1o.com.hr\/en\/wp-json\/wp\/v2\/media?parent=9002"}],"wp:term":[{"taxonomy":"product_brand","embeddable":true,"href":"https:\/\/ivaviljevac.1o1o.com.hr\/en\/wp-json\/wp\/v2\/product_brand?post=9002"},{"taxonomy":"product_cat","embeddable":true,"href":"https:\/\/ivaviljevac.1o1o.com.hr\/en\/wp-json\/wp\/v2\/product_cat?post=9002"},{"taxonomy":"product_tag","embeddable":true,"href":"https:\/\/ivaviljevac.1o1o.com.hr\/en\/wp-json\/wp\/v2\/product_tag?post=9002"}],"curies":[{"name":"wp","href":"https:\/\/api.w.org\/{rel}","templated":true}]}}