{"id":8880,"date":"2022-07-08T15:42:00","date_gmt":"2022-07-08T13:42:00","guid":{"rendered":"http:\/\/ivaviljevac.1o1o.com.hr\/proizvod\/dream-ogrlica\/"},"modified":"2026-02-24T10:19:31","modified_gmt":"2026-02-24T09:19:31","slug":"dream-necklace","status":"publish","type":"product","link":"https:\/\/ivaviljevac.1o1o.com.hr\/en\/product-2\/dream-necklace\/","title":{"rendered":"Dream necklace"},"content":{"rendered":"<p>Dream necklace is a minimalist necklace with motifs and thanks to its quality and durability it is ideal for everyday wear. You can choose from several motifs - angels, hearts, stars and anchors, which will create a positive feeling in you and you will wear it because it has a special meaning for you - a meaning that you will give to the chosen motif. You can further personalize the necklace by choosing up to three pendants with motifs from the offer. You can add a letter pendant to the motif and create the perfect gift for a birthday, anniversary or any other special occasion.<\/p>","protected":false},"excerpt":{"rendered":"<p>Dream ogrlica minimalisti\u010dka je ogrlica s motivima te je zbog svoje kvalitete i izdr\u017eljivosti stvorena na svakodnevno no\u0161enje. Birati mo\u017eete izme\u0111u nekoliko motiva &#8211; an\u0111ela, srca, zvijezde i sidra, koji \u0107e u vama stvoriti pozitivan osje\u0107aj i nosit \u0107ete ju jer za vas ima posebno zna\u010denje \u2013 zna\u010denje koje \u0107ete izabranom motivu sami pridati. Ogrlicu [&hellip;]<\/p>","protected":false},"featured_media":15645,"template":"","meta":{"_acf_changed":false},"product_brand":[],"product_cat":[340,341,286,285,279,384,336],"product_tag":[],"class_list":{"0":"post-8880","1":"product","2":"type-product","3":"status-publish","4":"has-post-thumbnail","6":"product_cat-do-50-e","7":"product_cat-do-75-e","8":"product_cat-dodatni-privjesak","9":"product_cat-ogrlice","10":"product_cat-popularno","11":"product_cat-waterproof","12":"product_cat-za-svaki-dan","13":"pa_boja-rosegold","14":"pa_boja-srebrna","15":"pa_boja-zlatna","16":"pa_motiv-andeo","17":"pa_motiv-sidro","18":"pa_motiv-srce","19":"pa_motiv-zvijezda","20":"pa_velicina-podesive-velicine-42-cm-5-cm-ekstenzija","22":"first","23":"instock","24":"taxable","25":"shipping-taxable","26":"purchasable","27":"product-type-variable","28":"has-default-attributes","29":"add-to-wishlist-before_image"},"exclude_global_add_ons":[],"addons":[],"acf":[],"_links":{"self":[{"href":"https:\/\/ivaviljevac.1o1o.com.hr\/en\/wp-json\/wp\/v2\/product\/8880","targetHints":{"allow":["GET"]}}],"collection":[{"href":"https:\/\/ivaviljevac.1o1o.com.hr\/en\/wp-json\/wp\/v2\/product"}],"about":[{"href":"https:\/\/ivaviljevac.1o1o.com.hr\/en\/wp-json\/wp\/v2\/types\/product"}],"wp:featuredmedia":[{"embeddable":true,"href":"https:\/\/ivaviljevac.1o1o.com.hr\/en\/wp-json\/wp\/v2\/media\/15645"}],"wp:attachment":[{"href":"https:\/\/ivaviljevac.1o1o.com.hr\/en\/wp-json\/wp\/v2\/media?parent=8880"}],"wp:term":[{"taxonomy":"product_brand","embeddable":true,"href":"https:\/\/ivaviljevac.1o1o.com.hr\/en\/wp-json\/wp\/v2\/product_brand?post=8880"},{"taxonomy":"product_cat","embeddable":true,"href":"https:\/\/ivaviljevac.1o1o.com.hr\/en\/wp-json\/wp\/v2\/product_cat?post=8880"},{"taxonomy":"product_tag","embeddable":true,"href":"https:\/\/ivaviljevac.1o1o.com.hr\/en\/wp-json\/wp\/v2\/product_tag?post=8880"}],"curies":[{"name":"wp","href":"https:\/\/api.w.org\/{rel}","templated":true}]}}