{"id":8876,"date":"2022-07-08T15:41:58","date_gmt":"2022-07-08T13:41:58","guid":{"rendered":"http:\/\/ivaviljevac.1o1o.com.hr\/proizvod\/turquoise-semiprecious-mini-anchor-ogrlica\/"},"modified":"2025-01-19T15:35:17","modified_gmt":"2025-01-19T14:35:17","slug":"turquoise-semiprecious-mini-anchor-necklace","status":"publish","type":"product","link":"https:\/\/ivaviljevac.1o1o.com.hr\/en\/product-2\/turquoise-semiprecious-mini-anchor-necklace\/","title":{"rendered":"Turquoise Semiprecious Mini Anchor necklace"},"content":{"rendered":"<p>Semiprecious Turquoise Mini Anchor ogrlica je ru\u010dno ra\u0111ena ogrlica od pomno biranih materijala kao \u0161to je poludrago kamenje i detalja od pozla\u0107enog srebra. Ova ogrlica vedre tirkizne boje savr\u0161ena je ljetna ogrlica, ali i kvalitetan i dugotrajan komad nakita koji \u0107ete nositi cijele godine.<br \/>\nMini privjesak sidra povezuje tirkizne nijanse u prekrasnu ogrlicu. Ako volite druga\u010dije komade nakita i boje Semiprecious Turquoise ogrlica je izbor za vas, a impresionirat \u0107e i svakoga onoga koji ju dobije kao poklon.<\/p>","protected":false},"excerpt":{"rendered":"<p>Semiprecious Turquoise Mini Anchor ogrlica je ru\u010dno ra\u0111ena ogrlica od pomno biranih materijala kao \u0161to je poludrago kamenje i detalja od pozla\u0107enog srebra. Ova ogrlica vedre tirkizne boje savr\u0161ena je ljetna ogrlica, ali i kvalitetan i dugotrajan komad nakita koji \u0107ete nositi cijele godine. Mini privjesak sidra povezuje tirkizne nijanse u prekrasnu ogrlicu. Ako volite [&hellip;]<\/p>","protected":false},"featured_media":13081,"template":"","meta":{"_acf_changed":false},"product_brand":[],"product_cat":[285,385],"product_tag":[],"class_list":{"0":"post-8876","1":"product","2":"type-product","3":"status-publish","4":"has-post-thumbnail","6":"product_cat-ogrlice","7":"product_cat-anchor-collection","8":"pa_boja-rosegold","9":"pa_boja-srebrna","10":"pa_boja-zlatna","12":"first","13":"outofstock","14":"taxable","15":"shipping-taxable","16":"purchasable","17":"product-type-variable","18":"add-to-wishlist-before_image"},"exclude_global_add_ons":[],"addons":[],"acf":[],"_links":{"self":[{"href":"https:\/\/ivaviljevac.1o1o.com.hr\/en\/wp-json\/wp\/v2\/product\/8876","targetHints":{"allow":["GET"]}}],"collection":[{"href":"https:\/\/ivaviljevac.1o1o.com.hr\/en\/wp-json\/wp\/v2\/product"}],"about":[{"href":"https:\/\/ivaviljevac.1o1o.com.hr\/en\/wp-json\/wp\/v2\/types\/product"}],"wp:featuredmedia":[{"embeddable":true,"href":"https:\/\/ivaviljevac.1o1o.com.hr\/en\/wp-json\/wp\/v2\/media\/13081"}],"wp:attachment":[{"href":"https:\/\/ivaviljevac.1o1o.com.hr\/en\/wp-json\/wp\/v2\/media?parent=8876"}],"wp:term":[{"taxonomy":"product_brand","embeddable":true,"href":"https:\/\/ivaviljevac.1o1o.com.hr\/en\/wp-json\/wp\/v2\/product_brand?post=8876"},{"taxonomy":"product_cat","embeddable":true,"href":"https:\/\/ivaviljevac.1o1o.com.hr\/en\/wp-json\/wp\/v2\/product_cat?post=8876"},{"taxonomy":"product_tag","embeddable":true,"href":"https:\/\/ivaviljevac.1o1o.com.hr\/en\/wp-json\/wp\/v2\/product_tag?post=8876"}],"curies":[{"name":"wp","href":"https:\/\/api.w.org\/{rel}","templated":true}]}}