{"id":8868,"date":"2022-07-08T15:41:55","date_gmt":"2022-07-08T13:41:55","guid":{"rendered":"http:\/\/ivaviljevac.1o1o.com.hr\/proizvod\/blue-semiprecious-mini-medallion-ogrlica\/"},"modified":"2025-08-17T00:00:49","modified_gmt":"2025-08-16T22:00:49","slug":"blue-semiprecious-mini-medallion-necklace","status":"publish","type":"product","link":"https:\/\/ivaviljevac.1o1o.com.hr\/en\/product-2\/blue-semiprecious-mini-medallion-necklace\/","title":{"rendered":"Semiprecious Blue necklace"},"content":{"rendered":"<p><strong>Semiprecious ogrlica<\/strong> u plavim nijansama <strong>izra\u0111ena je ru\u010dno od 925 srebra<\/strong> i sitnih poludragih kamen\u010di\u0107a.<\/p>\n<p>Uz Semiprecious Blue ogrlicu mo\u017eete izabrati i neki od <a href=\"http:\/\/ivaviljevac.1o1o.com.hr\/en\/product-category-2\/pendants\/\"><em>pendant<\/em><\/a> from our collections, which you can put on and take off the necklace, depending on the outfit. For an extra chic look, combine this silver or gold-plated jewellery with other <a href=\"http:\/\/ivaviljevac.1o1o.com.hr\/en\/product-category-2\/necklace\/\"><em>chain necklaces. <\/em><\/a>Stack a few silver necklaces for perfect layering.<\/p>\n<p>Ova ogrlica s poludragim kamenjem dovoljno je decentna i trendi za svakodnevni outfit, a istovremeno dovoljno bogata za sve\u010dane prigode. Svojom bojom i zanimljivim dizajnom ova ogrlica od srebra i poludragog kamena odska\u010de iz mase te privla\u010di sve poglede. Nje\u017ene boje i kvalitetni materijali \u010dine ovu ogrlicu kreativnim i druga\u010dijim poklonom.<\/p>","protected":false},"excerpt":{"rendered":"<p>Semiprecious ogrlica u plavim nijansama izra\u0111ena je ru\u010dno od 925 srebra i sitnih poludragih kamen\u010di\u0107a. Uz Semiprecious Blue ogrlicu mo\u017eete izabrati i neki od privjesaka iz na\u0161e ponude, koje mo\u017eete stavljati i skidati s ogrlice, ovisno o odjevnoj kombinaciji. Za ekstra chic look kombinirajte ovaj srebrni ili pozla\u0107en nakit uz ostale lan\u010di\u0107e. Nani\u017eite nekoliko srebrnih [&hellip;]<\/p>","protected":false},"featured_media":51697,"template":"","meta":{"_acf_changed":false},"product_brand":[],"product_cat":[285,412],"product_tag":[355,358,354,360,356,357,359],"class_list":{"0":"post-8868","1":"product","2":"type-product","3":"status-publish","4":"has-post-thumbnail","6":"product_cat-ogrlice","7":"product_cat-snizenje","8":"product_tag-lancic","9":"product_tag-nakit","10":"product_tag-ogrlica","11":"product_tag-pozlacen-nakit","12":"product_tag-rucni-rad","13":"product_tag-semiprecious-ogrlica","14":"product_tag-srebrne-ogrlice","15":"pa_boja-rosegold","16":"pa_boja-srebrna","17":"pa_boja-zlatna","19":"first","20":"instock","21":"purchasable","22":"product-type-variable","23":"add-to-wishlist-before_image"},"exclude_global_add_ons":[],"addons":[],"acf":[],"_links":{"self":[{"href":"https:\/\/ivaviljevac.1o1o.com.hr\/en\/wp-json\/wp\/v2\/product\/8868","targetHints":{"allow":["GET"]}}],"collection":[{"href":"https:\/\/ivaviljevac.1o1o.com.hr\/en\/wp-json\/wp\/v2\/product"}],"about":[{"href":"https:\/\/ivaviljevac.1o1o.com.hr\/en\/wp-json\/wp\/v2\/types\/product"}],"wp:featuredmedia":[{"embeddable":true,"href":"https:\/\/ivaviljevac.1o1o.com.hr\/en\/wp-json\/wp\/v2\/media\/51697"}],"wp:attachment":[{"href":"https:\/\/ivaviljevac.1o1o.com.hr\/en\/wp-json\/wp\/v2\/media?parent=8868"}],"wp:term":[{"taxonomy":"product_brand","embeddable":true,"href":"https:\/\/ivaviljevac.1o1o.com.hr\/en\/wp-json\/wp\/v2\/product_brand?post=8868"},{"taxonomy":"product_cat","embeddable":true,"href":"https:\/\/ivaviljevac.1o1o.com.hr\/en\/wp-json\/wp\/v2\/product_cat?post=8868"},{"taxonomy":"product_tag","embeddable":true,"href":"https:\/\/ivaviljevac.1o1o.com.hr\/en\/wp-json\/wp\/v2\/product_tag?post=8868"}],"curies":[{"name":"wp","href":"https:\/\/api.w.org\/{rel}","templated":true}]}}