{"id":8852,"date":"2022-07-08T15:41:49","date_gmt":"2022-07-08T13:41:49","guid":{"rendered":"http:\/\/ivaviljevac.1o1o.com.hr\/proizvod\/anchor-ogrlica\/"},"modified":"2025-12-10T09:12:05","modified_gmt":"2025-12-10T08:12:05","slug":"anchor-necklace","status":"publish","type":"product","link":"https:\/\/ivaviljevac.1o1o.com.hr\/en\/product-2\/anchor-necklace\/","title":{"rendered":"Anchor necklace"},"content":{"rendered":"<p>Ru\u010dno izra\u0111ena ogrlica sa sidrom iz nauti\u010dki inspirirane \u201cTotal anchor\u201d kolekcije izra\u0111ena je od srebra. Anchor ogrlica savr\u0161ena je ljetna ogrlica, ali i kvalitetan i dugotrajan komad nakita koji \u0107ete nositi cijele godine. Neka vas podsje\u0107a na tople dane i lijepe trenutke.<br \/>\nAnchor narukvica simbolizira sigurnost i vjernost, stoga je savr\u0161en poklon s posebnim zna\u010denjem.<\/p>","protected":false},"excerpt":{"rendered":"<p>Ru\u010dno izra\u0111ena ogrlica sa sidrom iz nauti\u010dki inspirirane \u201cTotal anchor\u201d kolekcije izra\u0111ena je od srebra. Anchor ogrlica savr\u0161ena je ljetna ogrlica, ali i kvalitetan i dugotrajan komad nakita koji \u0107ete nositi cijele godine. Neka vas podsje\u0107a na tople dane i lijepe trenutke. Anchor narukvica simbolizira sigurnost i vjernost, stoga je savr\u0161en poklon s posebnim zna\u010denjem.<\/p>","protected":false},"featured_media":10552,"template":"","meta":{"_acf_changed":false},"product_brand":[],"product_cat":[385,341,285],"product_tag":[],"class_list":{"0":"post-8852","1":"product","2":"type-product","3":"status-publish","4":"has-post-thumbnail","6":"product_cat-anchor-collection","7":"product_cat-do-75-e","8":"product_cat-ogrlice","9":"pa_boja-rosegold","10":"pa_boja-srebrna","11":"pa_boja-zlatna","13":"first","14":"instock","15":"taxable","16":"shipping-taxable","17":"purchasable","18":"product-type-variable","19":"add-to-wishlist-before_image"},"exclude_global_add_ons":[],"addons":[],"acf":[],"_links":{"self":[{"href":"https:\/\/ivaviljevac.1o1o.com.hr\/en\/wp-json\/wp\/v2\/product\/8852","targetHints":{"allow":["GET"]}}],"collection":[{"href":"https:\/\/ivaviljevac.1o1o.com.hr\/en\/wp-json\/wp\/v2\/product"}],"about":[{"href":"https:\/\/ivaviljevac.1o1o.com.hr\/en\/wp-json\/wp\/v2\/types\/product"}],"wp:featuredmedia":[{"embeddable":true,"href":"https:\/\/ivaviljevac.1o1o.com.hr\/en\/wp-json\/wp\/v2\/media\/10552"}],"wp:attachment":[{"href":"https:\/\/ivaviljevac.1o1o.com.hr\/en\/wp-json\/wp\/v2\/media?parent=8852"}],"wp:term":[{"taxonomy":"product_brand","embeddable":true,"href":"https:\/\/ivaviljevac.1o1o.com.hr\/en\/wp-json\/wp\/v2\/product_brand?post=8852"},{"taxonomy":"product_cat","embeddable":true,"href":"https:\/\/ivaviljevac.1o1o.com.hr\/en\/wp-json\/wp\/v2\/product_cat?post=8852"},{"taxonomy":"product_tag","embeddable":true,"href":"https:\/\/ivaviljevac.1o1o.com.hr\/en\/wp-json\/wp\/v2\/product_tag?post=8852"}],"curies":[{"name":"wp","href":"https:\/\/api.w.org\/{rel}","templated":true}]}}