{"id":8848,"date":"2022-07-08T15:41:47","date_gmt":"2022-07-08T13:41:47","guid":{"rendered":"http:\/\/ivaviljevac.1o1o.com.hr\/proizvod\/infinite-earcuff\/"},"modified":"2026-02-18T16:28:30","modified_gmt":"2026-02-18T15:28:30","slug":"infinite-earcuff","status":"publish","type":"product","link":"https:\/\/ivaviljevac.1o1o.com.hr\/en\/product-2\/infinite-earcuff\/","title":{"rendered":"Infinite Earcuff"},"content":{"rendered":"<p>1 komad. Ukoliko \u017eelite par, potrebno je staviti 2 komada u ko\u0161aricu. Ru\u010dno izra\u0111ena Infinite Earcuff nau\u0161nica nosiva je bez bu\u0161enja hrskavice. Nau\u0161nica je izra\u0111ena od mekanog srebra koje se laganim pritiskom prilago\u0111ava va\u0161em uhu i tako stoji.<br \/>\nInfinite Earcuff odra\u017eava ve\u0107 prepoznatljivi dizajn dvije niti od srebra koje se isprepli\u0107u i \u010dine okosnicu ove kolekcije. Ova nau\u0161nica odli\u010dan je dodatak uz vise\u0107e, kratke ili duge nau\u0161nice u ear stack kombinacijama te je vrlo prakti\u010dna. Za sve one u koji imaju strah od bu\u0161enja hrskavice, earcuff nau\u0161nice su jednostavno rje\u0161enje.<br \/>\nS obzirom na to da pristaju uz sve nau\u0161nice, poklon su koji \u0107e svakom ljubitelju nakita dobro do\u0107i.<\/p>","protected":false},"excerpt":{"rendered":"<p>1 komad. Ukoliko \u017eelite par, potrebno je staviti 2 komada u ko\u0161aricu. Ru\u010dno izra\u0111ena Infinite Earcuff nau\u0161nica nosiva je bez bu\u0161enja hrskavice. Nau\u0161nica je izra\u0111ena od mekanog srebra koje se laganim pritiskom prilago\u0111ava va\u0161em uhu i tako stoji. Infinite Earcuff odra\u017eava ve\u0107 prepoznatljivi dizajn dvije niti od srebra koje se isprepli\u0107u i \u010dine okosnicu ove [&hellip;]<\/p>","protected":false},"featured_media":44621,"template":"","meta":{"_acf_changed":false},"product_brand":[],"product_cat":[339,340,341,334,284,266],"product_tag":[],"class_list":{"0":"post-8848","1":"product","2":"type-product","3":"status-publish","4":"has-post-thumbnail","6":"product_cat-do-20-e","7":"product_cat-do-50-e","8":"product_cat-do-75-e","9":"product_cat-earcandy","10":"product_cat-infinite-kolekcija","11":"product_cat-nausnice","12":"pa_boja-rosegold","13":"pa_boja-srebrna","14":"pa_boja-zlatna","16":"first","17":"instock","18":"taxable","19":"shipping-taxable","20":"purchasable","21":"product-type-variable","22":"add-to-wishlist-before_image"},"exclude_global_add_ons":[],"addons":[],"acf":[],"_links":{"self":[{"href":"https:\/\/ivaviljevac.1o1o.com.hr\/en\/wp-json\/wp\/v2\/product\/8848","targetHints":{"allow":["GET"]}}],"collection":[{"href":"https:\/\/ivaviljevac.1o1o.com.hr\/en\/wp-json\/wp\/v2\/product"}],"about":[{"href":"https:\/\/ivaviljevac.1o1o.com.hr\/en\/wp-json\/wp\/v2\/types\/product"}],"wp:featuredmedia":[{"embeddable":true,"href":"https:\/\/ivaviljevac.1o1o.com.hr\/en\/wp-json\/wp\/v2\/media\/44621"}],"wp:attachment":[{"href":"https:\/\/ivaviljevac.1o1o.com.hr\/en\/wp-json\/wp\/v2\/media?parent=8848"}],"wp:term":[{"taxonomy":"product_brand","embeddable":true,"href":"https:\/\/ivaviljevac.1o1o.com.hr\/en\/wp-json\/wp\/v2\/product_brand?post=8848"},{"taxonomy":"product_cat","embeddable":true,"href":"https:\/\/ivaviljevac.1o1o.com.hr\/en\/wp-json\/wp\/v2\/product_cat?post=8848"},{"taxonomy":"product_tag","embeddable":true,"href":"https:\/\/ivaviljevac.1o1o.com.hr\/en\/wp-json\/wp\/v2\/product_tag?post=8848"}],"curies":[{"name":"wp","href":"https:\/\/api.w.org\/{rel}","templated":true}]}}