{"id":8796,"date":"2022-07-08T15:41:25","date_gmt":"2022-07-08T13:41:25","guid":{"rendered":"http:\/\/ivaviljevac.1o1o.com.hr\/proizvod\/single-turquoise-hoop\/"},"modified":"2025-08-17T00:00:45","modified_gmt":"2025-08-16T22:00:45","slug":"single-turquoise-hoop","status":"publish","type":"product","link":"https:\/\/ivaviljevac.1o1o.com.hr\/en\/product-2\/single-turquoise-hoop\/","title":{"rendered":"Single Turquoise Hoop"},"content":{"rendered":"<p>1 komad. Ukoliko \u017eelite par, potrebno je staviti 2 komada u ko\u0161aricu. Turquoise Hoop nau\u0161nica dio je Single kolekcije.<br \/>\nHoop koji je izra\u0111en od dvije niti srebra koje se me\u0111usobno isprepli\u0107u povezuje ga s popularnom Infinite kolekcijom. Nau\u0161nice iz Single kolekcije savr\u0161ene su za sve one s vi\u0161e probu\u0161enih rupica koji vole kreativnost, detalje i zabavne ear stack kombinacije. Osim za ear stack, nau\u0161nice iz Single kolekcije odli\u010dan su izbor minimalisti\u010dkih i elegantnih nau\u0161nica.<br \/>\nOva Single nau\u0161nica ne\u0161to je razigranija verzija u boji te je odli\u010dan komad za kombiniranje s ostalim neutralnim komadima ili drugim varijantama Single nau\u0161nica.<br \/>\nJednostavne i nosive u svakom trenutku poklon su s kojim ne\u0107ete pogrije\u0161iti.<\/p>","protected":false},"excerpt":{"rendered":"<p>1 komad. Ukoliko \u017eelite par, potrebno je staviti 2 komada u ko\u0161aricu. Turquoise Hoop nau\u0161nica dio je Single kolekcije. Hoop koji je izra\u0111en od dvije niti srebra koje se me\u0111usobno isprepli\u0107u povezuje ga s popularnom Infinite kolekcijom. Nau\u0161nice iz Single kolekcije savr\u0161ene su za sve one s vi\u0161e probu\u0161enih rupica koji vole kreativnost, detalje i [&hellip;]<\/p>","protected":false},"featured_media":46628,"template":"","meta":{"_acf_changed":false},"product_brand":[],"product_cat":[340,341,334,266,412],"product_tag":[],"class_list":{"0":"post-8796","1":"product","2":"type-product","3":"status-publish","4":"has-post-thumbnail","6":"product_cat-do-50-e","7":"product_cat-do-75-e","8":"product_cat-earcandy","9":"product_cat-nausnice","10":"product_cat-snizenje","11":"pa_boja-rosegold","12":"pa_boja-srebrna","13":"pa_boja-zlatna","15":"first","16":"instock","17":"taxable","18":"shipping-taxable","19":"purchasable","20":"product-type-variable","21":"add-to-wishlist-before_image"},"exclude_global_add_ons":[],"addons":[],"acf":[],"_links":{"self":[{"href":"https:\/\/ivaviljevac.1o1o.com.hr\/en\/wp-json\/wp\/v2\/product\/8796","targetHints":{"allow":["GET"]}}],"collection":[{"href":"https:\/\/ivaviljevac.1o1o.com.hr\/en\/wp-json\/wp\/v2\/product"}],"about":[{"href":"https:\/\/ivaviljevac.1o1o.com.hr\/en\/wp-json\/wp\/v2\/types\/product"}],"wp:featuredmedia":[{"embeddable":true,"href":"https:\/\/ivaviljevac.1o1o.com.hr\/en\/wp-json\/wp\/v2\/media\/46628"}],"wp:attachment":[{"href":"https:\/\/ivaviljevac.1o1o.com.hr\/en\/wp-json\/wp\/v2\/media?parent=8796"}],"wp:term":[{"taxonomy":"product_brand","embeddable":true,"href":"https:\/\/ivaviljevac.1o1o.com.hr\/en\/wp-json\/wp\/v2\/product_brand?post=8796"},{"taxonomy":"product_cat","embeddable":true,"href":"https:\/\/ivaviljevac.1o1o.com.hr\/en\/wp-json\/wp\/v2\/product_cat?post=8796"},{"taxonomy":"product_tag","embeddable":true,"href":"https:\/\/ivaviljevac.1o1o.com.hr\/en\/wp-json\/wp\/v2\/product_tag?post=8796"}],"curies":[{"name":"wp","href":"https:\/\/api.w.org\/{rel}","templated":true}]}}