{"id":8780,"date":"2022-07-08T15:41:20","date_gmt":"2022-07-08T13:41:20","guid":{"rendered":"http:\/\/ivaviljevac.1o1o.com.hr\/proizvod\/single-north-star-hoop\/"},"modified":"2025-05-05T18:00:08","modified_gmt":"2025-05-05T16:00:08","slug":"single-north-star-hoop","status":"publish","type":"product","link":"https:\/\/ivaviljevac.1o1o.com.hr\/en\/product-2\/single-north-star-hoop\/","title":{"rendered":"Single North Star Hoop"},"content":{"rendered":"<p>1 komad. Ukoliko \u017eelite par, potrebno je staviti 2 komada u ko\u0161aricu. North Star Hoop nau\u0161nica dio je Single kolekcije. Nau\u0161nice iz Single kolekcije savr\u0161ene su za sve one s vi\u0161e probu\u0161enih rupica koji vole kreativnost, detalje i zabavne ear stack kombinacije.Osim kao ear stack nau\u0161nice, nau\u0161nice iz Single kolekcije odli\u010dan su izbor minimalisti\u010dkih i elegantnih dodataka te su nosive kao par. Zvijezda Sjevernja\u010da od davnina se smatrala zvijezdom vodiljom, a jedna je od najsjajnijih zvijezda zvije\u017e\u0111a Mali Medvjed.<br \/>\nHoop koji je izra\u0111en od dvije niti srebra koje se me\u0111usobno isprepli\u0107u povezuje ga s popularnom Infinite kolekcijom. S obzirom na njihovu jednostavnost i nosivost poklon su s kojim ne\u0107ete pogrije\u0161iti.<\/p>","protected":false},"excerpt":{"rendered":"<p>1 komad. Ukoliko \u017eelite par, potrebno je staviti 2 komada u ko\u0161aricu. North Star Hoop nau\u0161nica dio je Single kolekcije. Nau\u0161nice iz Single kolekcije savr\u0161ene su za sve one s vi\u0161e probu\u0161enih rupica koji vole kreativnost, detalje i zabavne ear stack kombinacije.Osim kao ear stack nau\u0161nice, nau\u0161nice iz Single kolekcije odli\u010dan su izbor minimalisti\u010dkih i [&hellip;]<\/p>","protected":false},"featured_media":13162,"template":"","meta":{"_acf_changed":false},"product_brand":[],"product_cat":[340,341,334,266],"product_tag":[],"class_list":{"0":"post-8780","1":"product","2":"type-product","3":"status-publish","4":"has-post-thumbnail","6":"product_cat-do-50-e","7":"product_cat-do-75-e","8":"product_cat-earcandy","9":"product_cat-nausnice","10":"pa_boja-rosegold","11":"pa_boja-srebrna","12":"pa_boja-zlatna","14":"first","15":"instock","16":"taxable","17":"shipping-taxable","18":"purchasable","19":"product-type-variable","20":"add-to-wishlist-before_image"},"exclude_global_add_ons":[],"addons":[],"acf":[],"_links":{"self":[{"href":"https:\/\/ivaviljevac.1o1o.com.hr\/en\/wp-json\/wp\/v2\/product\/8780","targetHints":{"allow":["GET"]}}],"collection":[{"href":"https:\/\/ivaviljevac.1o1o.com.hr\/en\/wp-json\/wp\/v2\/product"}],"about":[{"href":"https:\/\/ivaviljevac.1o1o.com.hr\/en\/wp-json\/wp\/v2\/types\/product"}],"wp:featuredmedia":[{"embeddable":true,"href":"https:\/\/ivaviljevac.1o1o.com.hr\/en\/wp-json\/wp\/v2\/media\/13162"}],"wp:attachment":[{"href":"https:\/\/ivaviljevac.1o1o.com.hr\/en\/wp-json\/wp\/v2\/media?parent=8780"}],"wp:term":[{"taxonomy":"product_brand","embeddable":true,"href":"https:\/\/ivaviljevac.1o1o.com.hr\/en\/wp-json\/wp\/v2\/product_brand?post=8780"},{"taxonomy":"product_cat","embeddable":true,"href":"https:\/\/ivaviljevac.1o1o.com.hr\/en\/wp-json\/wp\/v2\/product_cat?post=8780"},{"taxonomy":"product_tag","embeddable":true,"href":"https:\/\/ivaviljevac.1o1o.com.hr\/en\/wp-json\/wp\/v2\/product_tag?post=8780"}],"curies":[{"name":"wp","href":"https:\/\/api.w.org\/{rel}","templated":true}]}}