{"id":8760,"date":"2022-07-08T15:41:12","date_gmt":"2022-07-08T13:41:12","guid":{"rendered":"http:\/\/ivaviljevac.1o1o.com.hr\/proizvod\/single-turquoise-earpin\/"},"modified":"2025-08-17T00:00:49","modified_gmt":"2025-08-16T22:00:49","slug":"single-turquoise-earpin","status":"publish","type":"product","link":"https:\/\/ivaviljevac.1o1o.com.hr\/en\/product-2\/single-turquoise-earpin\/","title":{"rendered":"Single Turquoise Earpin"},"content":{"rendered":"<p>1 komad. Ukoliko \u017eelite par, potrebno je staviti 2 komada u ko\u0161aricu. Turquoise Earpin ru\u010dno je izra\u0111ena kratka nau\u0161nica od srebra s poludragim kamenom tirkizom te je dio Single kolekcije.<br \/>\nNau\u0161nice iz Single kolekcije savr\u0161ene su za sve one s vi\u0161e probu\u0161enih rupica koji vole kreativnost, detalje i zabavne ear stack kombinacije. Osim za ear stack, nau\u0161nice iz Single kolekcije odli\u010dan su izbor minimalisti\u010dkih i elegantnih nau\u0161nica.<br \/>\nOva Single nau\u0161nica ne\u0161to je druga\u010dija verzija u boji te je odli\u010dan komad za kombiniranje s ostalim neutralnim komadima ili Lapis varijantama Single nau\u0161nica.<br \/>\nJednostavne i nosive u svakom trenutku poklon su s kojim ne\u0107ete pogrije\u0161iti.<\/p>","protected":false},"excerpt":{"rendered":"<p>1 komad. Ukoliko \u017eelite par, potrebno je staviti 2 komada u ko\u0161aricu. Turquoise Earpin ru\u010dno je izra\u0111ena kratka nau\u0161nica od srebra s poludragim kamenom tirkizom te je dio Single kolekcije. Nau\u0161nice iz Single kolekcije savr\u0161ene su za sve one s vi\u0161e probu\u0161enih rupica koji vole kreativnost, detalje i zabavne ear stack kombinacije. Osim za ear [&hellip;]<\/p>","protected":false},"featured_media":18085,"template":"","meta":{"_acf_changed":false},"product_brand":[],"product_cat":[339,340,341,334,266,412],"product_tag":[],"class_list":{"0":"post-8760","1":"product","2":"type-product","3":"status-publish","4":"has-post-thumbnail","6":"product_cat-do-20-e","7":"product_cat-do-50-e","8":"product_cat-do-75-e","9":"product_cat-earcandy","10":"product_cat-nausnice","11":"product_cat-snizenje","12":"pa_boja-rosegold","13":"pa_boja-srebrna","14":"pa_boja-zlatna","16":"first","17":"instock","18":"taxable","19":"shipping-taxable","20":"purchasable","21":"product-type-variable","22":"add-to-wishlist-before_image"},"exclude_global_add_ons":[],"addons":[],"acf":[],"_links":{"self":[{"href":"https:\/\/ivaviljevac.1o1o.com.hr\/en\/wp-json\/wp\/v2\/product\/8760","targetHints":{"allow":["GET"]}}],"collection":[{"href":"https:\/\/ivaviljevac.1o1o.com.hr\/en\/wp-json\/wp\/v2\/product"}],"about":[{"href":"https:\/\/ivaviljevac.1o1o.com.hr\/en\/wp-json\/wp\/v2\/types\/product"}],"wp:featuredmedia":[{"embeddable":true,"href":"https:\/\/ivaviljevac.1o1o.com.hr\/en\/wp-json\/wp\/v2\/media\/18085"}],"wp:attachment":[{"href":"https:\/\/ivaviljevac.1o1o.com.hr\/en\/wp-json\/wp\/v2\/media?parent=8760"}],"wp:term":[{"taxonomy":"product_brand","embeddable":true,"href":"https:\/\/ivaviljevac.1o1o.com.hr\/en\/wp-json\/wp\/v2\/product_brand?post=8760"},{"taxonomy":"product_cat","embeddable":true,"href":"https:\/\/ivaviljevac.1o1o.com.hr\/en\/wp-json\/wp\/v2\/product_cat?post=8760"},{"taxonomy":"product_tag","embeddable":true,"href":"https:\/\/ivaviljevac.1o1o.com.hr\/en\/wp-json\/wp\/v2\/product_tag?post=8760"}],"curies":[{"name":"wp","href":"https:\/\/api.w.org\/{rel}","templated":true}]}}