{"id":8752,"date":"2022-07-08T15:41:10","date_gmt":"2022-07-08T13:41:10","guid":{"rendered":"http:\/\/ivaviljevac.1o1o.com.hr\/proizvod\/single-mini-medallion-earpin\/"},"modified":"2024-10-13T13:36:22","modified_gmt":"2024-10-13T11:36:22","slug":"single-mini-medallion-earpin","status":"publish","type":"product","link":"https:\/\/ivaviljevac.1o1o.com.hr\/en\/product-2\/single-mini-medallion-earpin\/","title":{"rendered":"Single Mini Medallion Earpin"},"content":{"rendered":"<p>1 komad. Ukoliko \u017eelite par, potrebno je staviti 2 komada u ko\u0161aricu. Mini Medallion Earpin nau\u0161nica dio je Single kolekcije, a mini medaljon privjesak elegantan je minimalisti\u010dki dodatak koji pristaje svakom stilu.<br \/>\nNau\u0161nice iz Single kolekcije savr\u0161ene su za sve one s vi\u0161e probu\u0161enih rupica koji vole kreativnost, detalje i zabavne ear stack kombinacije. Osim za ear stack nau\u0161nice, nau\u0161nice iz Single kolekcije odli\u010dan su izbor minimalisti\u010dkih i elegantnih dodataka te su nosive kao par.<br \/>\nS obzirom na njihovu jednostavnost i nosivost poklon su s kojim ne\u0107ete pogrije\u0161iti.<\/p>","protected":false},"excerpt":{"rendered":"<p>1 komad. Ukoliko \u017eelite par, potrebno je staviti 2 komada u ko\u0161aricu. Mini Medallion Earpin nau\u0161nica dio je Single kolekcije, a mini medaljon privjesak elegantan je minimalisti\u010dki dodatak koji pristaje svakom stilu. Nau\u0161nice iz Single kolekcije savr\u0161ene su za sve one s vi\u0161e probu\u0161enih rupica koji vole kreativnost, detalje i zabavne ear stack kombinacije. Osim [&hellip;]<\/p>","protected":false},"featured_media":13181,"template":"","meta":{"_acf_changed":false},"product_brand":[],"product_cat":[339,340,341,334,266],"product_tag":[],"class_list":{"0":"post-8752","1":"product","2":"type-product","3":"status-publish","4":"has-post-thumbnail","6":"product_cat-do-20-e","7":"product_cat-do-50-e","8":"product_cat-do-75-e","9":"product_cat-earcandy","10":"product_cat-nausnice","11":"pa_boja-rosegold","12":"pa_boja-srebrna","13":"pa_boja-zlatna","15":"first","16":"instock","17":"taxable","18":"shipping-taxable","19":"purchasable","20":"product-type-variable","21":"add-to-wishlist-before_image"},"exclude_global_add_ons":[],"addons":[],"acf":[],"_links":{"self":[{"href":"https:\/\/ivaviljevac.1o1o.com.hr\/en\/wp-json\/wp\/v2\/product\/8752","targetHints":{"allow":["GET"]}}],"collection":[{"href":"https:\/\/ivaviljevac.1o1o.com.hr\/en\/wp-json\/wp\/v2\/product"}],"about":[{"href":"https:\/\/ivaviljevac.1o1o.com.hr\/en\/wp-json\/wp\/v2\/types\/product"}],"wp:featuredmedia":[{"embeddable":true,"href":"https:\/\/ivaviljevac.1o1o.com.hr\/en\/wp-json\/wp\/v2\/media\/13181"}],"wp:attachment":[{"href":"https:\/\/ivaviljevac.1o1o.com.hr\/en\/wp-json\/wp\/v2\/media?parent=8752"}],"wp:term":[{"taxonomy":"product_brand","embeddable":true,"href":"https:\/\/ivaviljevac.1o1o.com.hr\/en\/wp-json\/wp\/v2\/product_brand?post=8752"},{"taxonomy":"product_cat","embeddable":true,"href":"https:\/\/ivaviljevac.1o1o.com.hr\/en\/wp-json\/wp\/v2\/product_cat?post=8752"},{"taxonomy":"product_tag","embeddable":true,"href":"https:\/\/ivaviljevac.1o1o.com.hr\/en\/wp-json\/wp\/v2\/product_tag?post=8752"}],"curies":[{"name":"wp","href":"https:\/\/api.w.org\/{rel}","templated":true}]}}