{"id":8748,"date":"2022-07-08T15:41:07","date_gmt":"2022-07-08T13:41:07","guid":{"rendered":"http:\/\/ivaviljevac.1o1o.com.hr\/proizvod\/single-starfish-earpin\/"},"modified":"2024-02-18T23:00:24","modified_gmt":"2024-02-18T22:00:24","slug":"single-starfish-earpin","status":"publish","type":"product","link":"https:\/\/ivaviljevac.1o1o.com.hr\/en\/product-2\/single-starfish-earpin\/","title":{"rendered":"Single Starfish Earpin"},"content":{"rendered":"<p>1 komad. Ukoliko \u017eelite par, potrebno je staviti 2 komada u ko\u0161aricu. Starfish Earpin nau\u0161nica dio je Single kolekcije.<br \/>\nNau\u0161nice iz Single kolekcije savr\u0161ene su za sve one s vi\u0161e probu\u0161enih rupica koji vole kreativnost, detalje i zabavne ear stack kombinacije. Osim kao ear stack nau\u0161nice, nau\u0161nice iz Single kolekcije odli\u010dan su izbor minimalisti\u010dkih i elegantnih dodataka te su nosive kao par.<br \/>\nOva nau\u0161nica sa Starfish privjeskom odi\u0161e ljetom i donosi razigrane neobi\u010dne elemente u svakodnevne kombinacije.<br \/>\nS obzirom na njihovu jednostavnost i nosivost poklon su s kojim ne\u0107ete pogrije\u0161iti.<\/p>","protected":false},"excerpt":{"rendered":"<p>1 komad. Ukoliko \u017eelite par, potrebno je staviti 2 komada u ko\u0161aricu. Starfish Earpin nau\u0161nica dio je Single kolekcije. Nau\u0161nice iz Single kolekcije savr\u0161ene su za sve one s vi\u0161e probu\u0161enih rupica koji vole kreativnost, detalje i zabavne ear stack kombinacije. Osim kao ear stack nau\u0161nice, nau\u0161nice iz Single kolekcije odli\u010dan su izbor minimalisti\u010dkih i [&hellip;]<\/p>","protected":false},"featured_media":13198,"template":"","meta":{"_acf_changed":false},"product_brand":[],"product_cat":[339,340,341,334,332,266],"product_tag":[],"class_list":{"0":"post-8748","1":"product","2":"type-product","3":"status-publish","4":"has-post-thumbnail","6":"product_cat-do-20-e","7":"product_cat-do-50-e","8":"product_cat-do-75-e","9":"product_cat-earcandy","10":"product_cat-ljeto","11":"product_cat-nausnice","12":"pa_boja-rosegold","13":"pa_boja-srebrna","14":"pa_boja-zlatna","16":"first","17":"instock","18":"taxable","19":"shipping-taxable","20":"purchasable","21":"product-type-variable","22":"add-to-wishlist-before_image"},"exclude_global_add_ons":[],"addons":[],"acf":[],"_links":{"self":[{"href":"https:\/\/ivaviljevac.1o1o.com.hr\/en\/wp-json\/wp\/v2\/product\/8748","targetHints":{"allow":["GET"]}}],"collection":[{"href":"https:\/\/ivaviljevac.1o1o.com.hr\/en\/wp-json\/wp\/v2\/product"}],"about":[{"href":"https:\/\/ivaviljevac.1o1o.com.hr\/en\/wp-json\/wp\/v2\/types\/product"}],"wp:featuredmedia":[{"embeddable":true,"href":"https:\/\/ivaviljevac.1o1o.com.hr\/en\/wp-json\/wp\/v2\/media\/13198"}],"wp:attachment":[{"href":"https:\/\/ivaviljevac.1o1o.com.hr\/en\/wp-json\/wp\/v2\/media?parent=8748"}],"wp:term":[{"taxonomy":"product_brand","embeddable":true,"href":"https:\/\/ivaviljevac.1o1o.com.hr\/en\/wp-json\/wp\/v2\/product_brand?post=8748"},{"taxonomy":"product_cat","embeddable":true,"href":"https:\/\/ivaviljevac.1o1o.com.hr\/en\/wp-json\/wp\/v2\/product_cat?post=8748"},{"taxonomy":"product_tag","embeddable":true,"href":"https:\/\/ivaviljevac.1o1o.com.hr\/en\/wp-json\/wp\/v2\/product_tag?post=8748"}],"curies":[{"name":"wp","href":"https:\/\/api.w.org\/{rel}","templated":true}]}}