{"id":8723,"date":"2022-07-08T15:40:57","date_gmt":"2022-07-08T13:40:57","guid":{"rendered":"http:\/\/ivaviljevac.1o1o.com.hr\/proizvod\/rosegold-star-infinite-nausnice\/"},"modified":"2025-08-17T00:00:43","modified_gmt":"2025-08-16T22:00:43","slug":"rosegold-star-infinite-earrings","status":"publish","type":"product","link":"https:\/\/ivaviljevac.1o1o.com.hr\/en\/product-2\/rosegold-star-infinite-earrings\/","title":{"rendered":"Rosegold Star Infinite earrings"},"content":{"rendered":"<p>Rosegold Star nau\u0161nice dio su Inifinite kolekcije \u0161to je vidljivo i po njihovom prepoznatljivom dizajnu.<br \/>\nDvije niti od srebra koje se isprepli\u0107u u beskona\u010dan krug \u010dine okosnicu ove kolekcije. Kolekcija je izra\u0111ena ru\u010dno u Hrvatskoj, a simbolizira sve ono neograni\u010deno u nama, ljubav, prijateljstvo, snagu, vjeru\u2026<br \/>\nOve nau\u0161nice osim elegantnih Infinite ringova upotpunjavaju zanimljivi privjesci sa zvjezdicama, biserima i kristalnim perlama. Druga\u010dije i chic Rosegold Star nau\u0161nice omogu\u0107it \u0107e vam da postanete zvijezda dana te \u0107e biti Va\u0161 najdra\u017ei komad nakita.<br \/>\nInfinite nau\u0161nice su nau\u0161nice koje \u0107ete nositi svaki dan i u posebnim prilikama, a s obzirom na to da \u0107e se u svaki stil savr\u0161en su poklon za sve posebne prigode, vesele i odva\u017ene \u017eene.<\/p>","protected":false},"excerpt":{"rendered":"<p>Rosegold Star nau\u0161nice dio su Inifinite kolekcije \u0161to je vidljivo i po njihovom prepoznatljivom dizajnu. Dvije niti od srebra koje se isprepli\u0107u u beskona\u010dan krug \u010dine okosnicu ove kolekcije. Kolekcija je izra\u0111ena ru\u010dno u Hrvatskoj, a simbolizira sve ono neograni\u010deno u nama, ljubav, prijateljstvo, snagu, vjeru\u2026 Ove nau\u0161nice osim elegantnih Infinite ringova upotpunjavaju zanimljivi privjesci [&hellip;]<\/p>","protected":false},"featured_media":13262,"template":"","meta":{"_acf_changed":false},"product_brand":[],"product_cat":[284,266,412,338],"product_tag":[],"class_list":{"0":"post-8723","1":"product","2":"type-product","3":"status-publish","4":"has-post-thumbnail","6":"product_cat-infinite-kolekcija","7":"product_cat-nausnice","8":"product_cat-snizenje","9":"product_cat-za-nju","10":"pa_boja-rosegold","12":"first","13":"instock","14":"taxable","15":"shipping-taxable","16":"purchasable","17":"product-type-simple","18":"add-to-wishlist-before_image"},"exclude_global_add_ons":[],"addons":[],"acf":[],"_links":{"self":[{"href":"https:\/\/ivaviljevac.1o1o.com.hr\/en\/wp-json\/wp\/v2\/product\/8723","targetHints":{"allow":["GET"]}}],"collection":[{"href":"https:\/\/ivaviljevac.1o1o.com.hr\/en\/wp-json\/wp\/v2\/product"}],"about":[{"href":"https:\/\/ivaviljevac.1o1o.com.hr\/en\/wp-json\/wp\/v2\/types\/product"}],"wp:featuredmedia":[{"embeddable":true,"href":"https:\/\/ivaviljevac.1o1o.com.hr\/en\/wp-json\/wp\/v2\/media\/13262"}],"wp:attachment":[{"href":"https:\/\/ivaviljevac.1o1o.com.hr\/en\/wp-json\/wp\/v2\/media?parent=8723"}],"wp:term":[{"taxonomy":"product_brand","embeddable":true,"href":"https:\/\/ivaviljevac.1o1o.com.hr\/en\/wp-json\/wp\/v2\/product_brand?post=8723"},{"taxonomy":"product_cat","embeddable":true,"href":"https:\/\/ivaviljevac.1o1o.com.hr\/en\/wp-json\/wp\/v2\/product_cat?post=8723"},{"taxonomy":"product_tag","embeddable":true,"href":"https:\/\/ivaviljevac.1o1o.com.hr\/en\/wp-json\/wp\/v2\/product_tag?post=8723"}],"curies":[{"name":"wp","href":"https:\/\/api.w.org\/{rel}","templated":true}]}}