{"id":8624,"date":"2022-07-08T15:40:37","date_gmt":"2022-07-08T13:40:37","guid":{"rendered":"http:\/\/ivaviljevac.1o1o.com.hr\/proizvod\/semiprecious-mini-anchor-narukvica\/"},"modified":"2025-01-19T15:30:39","modified_gmt":"2025-01-19T14:30:39","slug":"semiprecious-mini-anchor-bracelet","status":"publish","type":"product","link":"https:\/\/ivaviljevac.1o1o.com.hr\/en\/product-2\/semiprecious-mini-anchor-bracelet\/","title":{"rendered":"Semiprecious Mini Anchor bracelet"},"content":{"rendered":"<p>Ovo je jo\u0161 jedna varijanta na\u0161ih Anchor narukvica koja spaja prekrasne poludrage kamen\u010di\u0107e sa minimalisti\u010dkim privjeskom sidra i kuglicama od srebra \u010dine\u0107i savr\u0161enu ljetnu narukvicu, ali i kvalitetan i dugotrajan komad nakita koji \u0107ete nositi cijele godine.<br \/>\nIzaberite kamen\u010di\u0107e i boje koje najbolje odgovaraju Va\u0161em stilu, a zbog jednostavnosti ove narukvice lako \u0107ete ju uklopiti i sa ostalim komadima nakita u Va\u0161oj kolekciji.<br \/>\nPoklonite li ju kao suvenir ili za neku posebnu prigodu sigurno ne\u0107ete pogrije\u0161iti.<\/p>","protected":false},"excerpt":{"rendered":"<p>Ovo je jo\u0161 jedna varijanta na\u0161ih Anchor narukvica koja spaja prekrasne poludrage kamen\u010di\u0107e sa minimalisti\u010dkim privjeskom sidra i kuglicama od srebra \u010dine\u0107i savr\u0161enu ljetnu narukvicu, ali i kvalitetan i dugotrajan komad nakita koji \u0107ete nositi cijele godine. Izaberite kamen\u010di\u0107e i boje koje najbolje odgovaraju Va\u0161em stilu, a zbog jednostavnosti ove narukvice lako \u0107ete ju uklopiti [&hellip;]<\/p>","protected":false},"featured_media":13290,"template":"","meta":{"_acf_changed":false},"product_brand":[],"product_cat":[385,340,341,332,267,338],"product_tag":[],"class_list":{"0":"post-8624","1":"product","2":"type-product","3":"status-publish","4":"has-post-thumbnail","6":"product_cat-anchor-collection","7":"product_cat-do-50-e","8":"product_cat-do-75-e","9":"product_cat-ljeto","10":"product_cat-narukvice","11":"product_cat-za-nju","12":"pa_boja-rosegold","13":"pa_boja-srebrna","14":"pa_boja-zlatna","15":"pa_velicina-podesive-velicine-s-cvoricem","16":"pa_vrsta_kamena-koraljna_prasina","17":"pa_vrsta_kamena-malahit","18":"pa_vrsta_kamena-mjesecev_kamen","19":"pa_vrsta_kamena-tirkiz","21":"first","22":"outofstock","23":"purchasable","24":"product-type-variable","25":"has-default-attributes","26":"add-to-wishlist-before_image"},"exclude_global_add_ons":[],"addons":[],"acf":[],"_links":{"self":[{"href":"https:\/\/ivaviljevac.1o1o.com.hr\/en\/wp-json\/wp\/v2\/product\/8624","targetHints":{"allow":["GET"]}}],"collection":[{"href":"https:\/\/ivaviljevac.1o1o.com.hr\/en\/wp-json\/wp\/v2\/product"}],"about":[{"href":"https:\/\/ivaviljevac.1o1o.com.hr\/en\/wp-json\/wp\/v2\/types\/product"}],"wp:featuredmedia":[{"embeddable":true,"href":"https:\/\/ivaviljevac.1o1o.com.hr\/en\/wp-json\/wp\/v2\/media\/13290"}],"wp:attachment":[{"href":"https:\/\/ivaviljevac.1o1o.com.hr\/en\/wp-json\/wp\/v2\/media?parent=8624"}],"wp:term":[{"taxonomy":"product_brand","embeddable":true,"href":"https:\/\/ivaviljevac.1o1o.com.hr\/en\/wp-json\/wp\/v2\/product_brand?post=8624"},{"taxonomy":"product_cat","embeddable":true,"href":"https:\/\/ivaviljevac.1o1o.com.hr\/en\/wp-json\/wp\/v2\/product_cat?post=8624"},{"taxonomy":"product_tag","embeddable":true,"href":"https:\/\/ivaviljevac.1o1o.com.hr\/en\/wp-json\/wp\/v2\/product_tag?post=8624"}],"curies":[{"name":"wp","href":"https:\/\/api.w.org\/{rel}","templated":true}]}}