{"id":8596,"date":"2022-07-08T15:40:25","date_gmt":"2022-07-08T13:40:25","guid":{"rendered":"http:\/\/ivaviljevac.1o1o.com.hr\/proizvod\/semiprecious-nude-narukvica\/"},"modified":"2025-08-17T00:00:48","modified_gmt":"2025-08-16T22:00:48","slug":"semiprecious-nude-bracelet","status":"publish","type":"product","link":"https:\/\/ivaviljevac.1o1o.com.hr\/en\/product-2\/semiprecious-nude-bracelet\/","title":{"rendered":"Semiprecious Nude bracelet"},"content":{"rendered":"<p>Semiprecious narukvica izra\u0111ena je srebra i sitnih poludragih kamen\u010di\u0107a.<br \/>\nPoludragi kamen\u010di\u0107i narukvici daju poseban sjaj i vrijednost. Semiprecious narukvica je decentna, ali otmjena narukvica koju \u0107ete nositi u posebnim i svakodnevnim prilikama.<\/p>","protected":false},"excerpt":{"rendered":"<p>Semiprecious narukvica izra\u0111ena je srebra i sitnih poludragih kamen\u010di\u0107a. Poludragi kamen\u010di\u0107i narukvici daju poseban sjaj i vrijednost. Semiprecious narukvica je decentna, ali otmjena narukvica koju \u0107ete nositi u posebnim i svakodnevnim prilikama.<\/p>","protected":false},"featured_media":25244,"template":"","meta":{"_acf_changed":false},"product_brand":[],"product_cat":[340,341,267,279,412,410],"product_tag":[],"class_list":{"0":"post-8596","1":"product","2":"type-product","3":"status-publish","4":"has-post-thumbnail","6":"product_cat-do-50-e","7":"product_cat-do-75-e","8":"product_cat-narukvice","9":"product_cat-popularno","10":"product_cat-snizenje","11":"product_cat-za-mamu-i-bebu","12":"pa_boja-rosegold","13":"pa_boja-srebrna","14":"pa_boja-zlatna","15":"pa_velicina-podesive-velicine-s-ekstenzijom","17":"first","18":"instock","19":"taxable","20":"shipping-taxable","21":"purchasable","22":"product-type-variable","23":"has-default-attributes","24":"add-to-wishlist-before_image"},"exclude_global_add_ons":[],"addons":[],"acf":[],"_links":{"self":[{"href":"https:\/\/ivaviljevac.1o1o.com.hr\/en\/wp-json\/wp\/v2\/product\/8596","targetHints":{"allow":["GET"]}}],"collection":[{"href":"https:\/\/ivaviljevac.1o1o.com.hr\/en\/wp-json\/wp\/v2\/product"}],"about":[{"href":"https:\/\/ivaviljevac.1o1o.com.hr\/en\/wp-json\/wp\/v2\/types\/product"}],"wp:featuredmedia":[{"embeddable":true,"href":"https:\/\/ivaviljevac.1o1o.com.hr\/en\/wp-json\/wp\/v2\/media\/25244"}],"wp:attachment":[{"href":"https:\/\/ivaviljevac.1o1o.com.hr\/en\/wp-json\/wp\/v2\/media?parent=8596"}],"wp:term":[{"taxonomy":"product_brand","embeddable":true,"href":"https:\/\/ivaviljevac.1o1o.com.hr\/en\/wp-json\/wp\/v2\/product_brand?post=8596"},{"taxonomy":"product_cat","embeddable":true,"href":"https:\/\/ivaviljevac.1o1o.com.hr\/en\/wp-json\/wp\/v2\/product_cat?post=8596"},{"taxonomy":"product_tag","embeddable":true,"href":"https:\/\/ivaviljevac.1o1o.com.hr\/en\/wp-json\/wp\/v2\/product_tag?post=8596"}],"curies":[{"name":"wp","href":"https:\/\/api.w.org\/{rel}","templated":true}]}}