{"id":6590,"date":"2022-07-08T14:43:36","date_gmt":"2022-07-08T12:43:36","guid":{"rendered":"http:\/\/ivaviljevac.1o1o.com.hr\/proizvod\/dream-narukvica-s-lancem\/"},"modified":"2026-02-12T14:51:48","modified_gmt":"2026-02-12T13:51:48","slug":"dream-chain-bracelet","status":"publish","type":"product","link":"https:\/\/ivaviljevac.1o1o.com.hr\/en\/product-2\/dream-chain-bracelet\/","title":{"rendered":"Dream chain bracelet"},"content":{"rendered":"<p>A minimalist and elegant \"Dream\" bracelet with a motif of an angel, heart, star or anchor will create a positive feeling in you and you will wear it because it has a special meaning to you - a meaning that you will give to the chosen motif. You can personalize the bracelet by choosing up to 3 pendants with motifs from the offer. Due to the wide selection of motifs, it is a perfect gift for birthdays, anniversaries, Confirmations and other special occasions<\/p>","protected":false},"excerpt":{"rendered":"<p>Minimalisti\u010dka i elegantna \u201cDream\u201d narukvica s motivom an\u0111ela, srca, zvijezde ili sidra u Vama \u0107e stvoriti pozitivan osje\u0107aj i nosit \u0107ete ju jer za Vas ima posebno zna\u010denje \u2013 zna\u010denje koje \u0107ete izabranom motivu sami pridati. Narukvicu mo\u017eete personalizirati tako \u0161to \u0107ete izabrati do 3 privjeska s motivima iz ponude. Zbog \u0161irokog izbora motiva savr\u0161en [&hellip;]<\/p>","protected":false},"featured_media":13725,"template":"","meta":{"_acf_changed":false},"product_brand":[],"product_cat":[340,341,267,384,336],"product_tag":[],"class_list":{"0":"post-6590","1":"product","2":"type-product","3":"status-publish","4":"has-post-thumbnail","6":"product_cat-do-50-e","7":"product_cat-do-75-e","8":"product_cat-narukvice","9":"product_cat-waterproof","10":"product_cat-za-svaki-dan","11":"pa_boja-rosegold","12":"pa_boja-srebrna","13":"pa_boja-zlatna","14":"pa_motiv-andeo","15":"pa_motiv-sidro","16":"pa_motiv-srce","17":"pa_motiv-zvijezda","18":"pa_velicina-podesive-velicine-16-cm-20-cm","20":"first","21":"instock","22":"taxable","23":"shipping-taxable","24":"purchasable","25":"product-type-variable","26":"has-default-attributes","27":"add-to-wishlist-before_image"},"exclude_global_add_ons":[],"addons":[],"acf":[],"_links":{"self":[{"href":"https:\/\/ivaviljevac.1o1o.com.hr\/en\/wp-json\/wp\/v2\/product\/6590","targetHints":{"allow":["GET"]}}],"collection":[{"href":"https:\/\/ivaviljevac.1o1o.com.hr\/en\/wp-json\/wp\/v2\/product"}],"about":[{"href":"https:\/\/ivaviljevac.1o1o.com.hr\/en\/wp-json\/wp\/v2\/types\/product"}],"wp:featuredmedia":[{"embeddable":true,"href":"https:\/\/ivaviljevac.1o1o.com.hr\/en\/wp-json\/wp\/v2\/media\/13725"}],"wp:attachment":[{"href":"https:\/\/ivaviljevac.1o1o.com.hr\/en\/wp-json\/wp\/v2\/media?parent=6590"}],"wp:term":[{"taxonomy":"product_brand","embeddable":true,"href":"https:\/\/ivaviljevac.1o1o.com.hr\/en\/wp-json\/wp\/v2\/product_brand?post=6590"},{"taxonomy":"product_cat","embeddable":true,"href":"https:\/\/ivaviljevac.1o1o.com.hr\/en\/wp-json\/wp\/v2\/product_cat?post=6590"},{"taxonomy":"product_tag","embeddable":true,"href":"https:\/\/ivaviljevac.1o1o.com.hr\/en\/wp-json\/wp\/v2\/product_tag?post=6590"}],"curies":[{"name":"wp","href":"https:\/\/api.w.org\/{rel}","templated":true}]}}