{"id":61646,"date":"2025-12-09T20:44:51","date_gmt":"2025-12-09T19:44:51","guid":{"rendered":"http:\/\/ivaviljevac.1o1o.com.hr\/?post_type=product&#038;p=61646"},"modified":"2025-12-09T22:38:07","modified_gmt":"2025-12-09T21:38:07","slug":"gingerbread-medallion-zlatni","status":"publish","type":"product","link":"https:\/\/ivaviljevac.1o1o.com.hr\/en\/product-2\/gingerbread-medallion-zlatni\/","title":{"rendered":"Gingerbread Medallion &#8211; zlatni"},"content":{"rendered":"<p data-start=\"44\" data-end=\"318\">Dodajte svom nakitu dozu blagdanske topline uz <strong data-start=\"91\" data-end=\"116\">Gingerbread Medallion<\/strong>, privjesak izra\u0111en od finog <strong data-start=\"157\" data-end=\"171\">925 srebra<\/strong>. Inspiriran klasi\u010dnim gingerbread keksi\u0107em, ovaj medaljon odi\u0161e nje\u017eno\u0161\u0107u, toplinom i nostalgijom \u2013 savr\u0161en za stvaranje cozy blagdanskog ugo\u0111aja.<\/p>\n<p data-start=\"320\" data-end=\"744\">Zahvaljuju\u0107i svom jednostavnom, ali prepoznatljivom dizajnu, lako se kombinira s bilo kojim lan\u010di\u0107em te se mo\u017ee nositi samostalno ili u layering kombinacijama s drugim privjescima. Odli\u010dan je za svakodnevno no\u0161enje tijekom blagdana, ali i kao slatki mali podsjetnik na omiljene zimske trenutke tijekom cijele godine.<\/p>\n<p data-start=\"746\" data-end=\"870\"><strong data-start=\"746\" data-end=\"771\">Gingerbread Medallion<\/strong> savr\u0161en je izbor za poklon \u2013 idealan za sve koji vole tople, simboli\u010dne i razigrane komade nakita.<\/p>\n<p data-start=\"872\" data-end=\"901\" data-is-last-node=\"\" data-is-only-node=\"\"><strong data-start=\"872\" data-end=\"896\">Dimenzije medaljona:<\/strong> 2 cm<\/p>","protected":false},"excerpt":{"rendered":"<p>Dodajte svom nakitu dozu blagdanske topline uz Gingerbread Medallion, privjesak izra\u0111en od finog 925 srebra. Inspiriran klasi\u010dnim gingerbread keksi\u0107em, ovaj medaljon odi\u0161e nje\u017eno\u0161\u0107u, toplinom i nostalgijom \u2013 savr\u0161en za stvaranje cozy blagdanskog ugo\u0111aja. Zahvaljuju\u0107i svom jednostavnom, ali prepoznatljivom dizajnu, lako se kombinira s bilo kojim lan\u010di\u0107em te se mo\u017ee nositi samostalno ili u layering kombinacijama [&hellip;]<\/p>","protected":false},"featured_media":61686,"template":"","meta":{"_acf_changed":false},"product_brand":[],"product_cat":[340,280,349,279,270,338,411,336],"product_tag":[],"class_list":{"0":"post-61646","1":"product","2":"type-product","3":"status-publish","4":"has-post-thumbnail","6":"product_cat-do-50-e","7":"product_cat-nasa-preporuka","8":"product_cat-novo","9":"product_cat-popularno","10":"product_cat-privjesci","11":"product_cat-za-nju","12":"product_cat-za-posebne-prigode","13":"product_cat-za-svaki-dan","15":"first","16":"instock","17":"taxable","18":"shipping-taxable","19":"purchasable","20":"product-type-simple","21":"add-to-wishlist-before_image"},"exclude_global_add_ons":[],"addons":[],"acf":[],"_links":{"self":[{"href":"https:\/\/ivaviljevac.1o1o.com.hr\/en\/wp-json\/wp\/v2\/product\/61646","targetHints":{"allow":["GET"]}}],"collection":[{"href":"https:\/\/ivaviljevac.1o1o.com.hr\/en\/wp-json\/wp\/v2\/product"}],"about":[{"href":"https:\/\/ivaviljevac.1o1o.com.hr\/en\/wp-json\/wp\/v2\/types\/product"}],"wp:featuredmedia":[{"embeddable":true,"href":"https:\/\/ivaviljevac.1o1o.com.hr\/en\/wp-json\/wp\/v2\/media\/61686"}],"wp:attachment":[{"href":"https:\/\/ivaviljevac.1o1o.com.hr\/en\/wp-json\/wp\/v2\/media?parent=61646"}],"wp:term":[{"taxonomy":"product_brand","embeddable":true,"href":"https:\/\/ivaviljevac.1o1o.com.hr\/en\/wp-json\/wp\/v2\/product_brand?post=61646"},{"taxonomy":"product_cat","embeddable":true,"href":"https:\/\/ivaviljevac.1o1o.com.hr\/en\/wp-json\/wp\/v2\/product_cat?post=61646"},{"taxonomy":"product_tag","embeddable":true,"href":"https:\/\/ivaviljevac.1o1o.com.hr\/en\/wp-json\/wp\/v2\/product_tag?post=61646"}],"curies":[{"name":"wp","href":"https:\/\/api.w.org\/{rel}","templated":true}]}}