{"id":61105,"date":"2025-10-24T21:26:07","date_gmt":"2025-10-24T19:26:07","guid":{"rendered":"http:\/\/ivaviljevac.1o1o.com.hr\/?post_type=product&#038;p=61105"},"modified":"2025-11-03T11:34:28","modified_gmt":"2025-11-03T10:34:28","slug":"nude-semiprecious-prsten","status":"publish","type":"product","link":"https:\/\/ivaviljevac.1o1o.com.hr\/en\/product-2\/nude-semiprecious-prsten\/","title":{"rendered":"Nude Semiprecious prsten &#8211; zlatni"},"content":{"rendered":"<p class=\"p1\">Suptilan, a pun karaktera \u2014 ovaj prsten spaja staklene perle i poludrago kamenje, isprepletene s detaljem od 925 srebra. Svaka perla donosi nijansu toplih zemljanih tonova i profinjenog sjaja, stvaraju\u0107i skladan, prirodan ritam boja.<\/p>\n<p class=\"p1\">Nanizan je na elasti\u010dni flaks, \u0161to ga \u010dini lagano rastezljivim i udobnim za no\u0161enje \u2014 pristaje vi\u0161e veli\u010dina. Savr\u0161en za slaganje u setovima ili kao suptilan, samostalni detalj koji nagla\u0161ava osobni stil.<\/p>","protected":false},"excerpt":{"rendered":"<p>Suptilan, a pun karaktera \u2014 ovaj prsten spaja staklene perle i poludrago kamenje, isprepletene s detaljem od 925 srebra. Svaka perla donosi nijansu toplih zemljanih tonova i profinjenog sjaja, stvaraju\u0107i skladan, prirodan ritam boja. Nanizan je na elasti\u010dni flaks, \u0161to ga \u010dini lagano rastezljivim i udobnim za no\u0161enje \u2014 pristaje vi\u0161e veli\u010dina. Savr\u0161en za slaganje [&hellip;]<\/p>","protected":false},"featured_media":61161,"template":"","meta":{"_acf_changed":false},"product_brand":[],"product_cat":[340,349,268,338,411,336],"product_tag":[],"class_list":{"0":"post-61105","1":"product","2":"type-product","3":"status-publish","4":"has-post-thumbnail","6":"product_cat-do-50-e","7":"product_cat-novo","8":"product_cat-prsteni","9":"product_cat-za-nju","10":"product_cat-za-posebne-prigode","11":"product_cat-za-svaki-dan","12":"pa_materijali-925-srebro-s-pozlatom","13":"pa_materijali-poludrago-kamenje","14":"pa_materijali-staklene-perle","15":"pa_velicina-10-12","16":"pa_velicina-13-15","17":"pa_velicina-16-18","19":"first","20":"instock","21":"taxable","22":"shipping-taxable","23":"purchasable","24":"product-type-variable","25":"add-to-wishlist-before_image"},"exclude_global_add_ons":[],"addons":[],"acf":[],"_links":{"self":[{"href":"https:\/\/ivaviljevac.1o1o.com.hr\/en\/wp-json\/wp\/v2\/product\/61105","targetHints":{"allow":["GET"]}}],"collection":[{"href":"https:\/\/ivaviljevac.1o1o.com.hr\/en\/wp-json\/wp\/v2\/product"}],"about":[{"href":"https:\/\/ivaviljevac.1o1o.com.hr\/en\/wp-json\/wp\/v2\/types\/product"}],"wp:featuredmedia":[{"embeddable":true,"href":"https:\/\/ivaviljevac.1o1o.com.hr\/en\/wp-json\/wp\/v2\/media\/61161"}],"wp:attachment":[{"href":"https:\/\/ivaviljevac.1o1o.com.hr\/en\/wp-json\/wp\/v2\/media?parent=61105"}],"wp:term":[{"taxonomy":"product_brand","embeddable":true,"href":"https:\/\/ivaviljevac.1o1o.com.hr\/en\/wp-json\/wp\/v2\/product_brand?post=61105"},{"taxonomy":"product_cat","embeddable":true,"href":"https:\/\/ivaviljevac.1o1o.com.hr\/en\/wp-json\/wp\/v2\/product_cat?post=61105"},{"taxonomy":"product_tag","embeddable":true,"href":"https:\/\/ivaviljevac.1o1o.com.hr\/en\/wp-json\/wp\/v2\/product_tag?post=61105"}],"curies":[{"name":"wp","href":"https:\/\/api.w.org\/{rel}","templated":true}]}}