{"id":60625,"date":"2025-08-05T13:11:18","date_gmt":"2025-08-05T11:11:18","guid":{"rendered":"http:\/\/ivaviljevac.1o1o.com.hr\/?post_type=product&#038;p=60625"},"modified":"2025-08-17T00:00:48","modified_gmt":"2025-08-16T22:00:48","slug":"coral-infinite-nausnice-srebrne","status":"publish","type":"product","link":"https:\/\/ivaviljevac.1o1o.com.hr\/en\/product-2\/coral-infinite-nausnice-srebrne\/","title":{"rendered":"Coral Infinite nau\u0161nice &#8211; srebrne"},"content":{"rendered":"<p>Coral Infinite nau\u0161nice izra\u0111ene su od dvije niti od srebra koje se isprepli\u0107u u beskona\u010dan krug i \u010dine okosnicu ove kolekcije, a prekrasni energi\u010dni crveni koralji daju im posebnu dimenziju.<br \/>\nKoralj kao simbol ljubavi, odanosti i vjernosti neizostavan je detalj ovih nau\u0161nica koje su zbog simbolike ovoga kamena odli\u010dan poklon za godi\u0161njicu braka, veze, ro\u0111endan i za sve voljene osobe.<br \/>\nVedra crvena boja \u010dini ih elegantim i chic te \u0107e o\u017eivjeti svaku kombinaciju, a nosit \u0107ete ih svaki dan i u posebnim prilikama.<br \/>\nKolekcija je izra\u0111ena ru\u010dno u Hrvatskoj, a simbolizira sve ono neograni\u010deno u nama, ljubav, prijateljstvo, snagu, vjeru\u2026<\/p>","protected":false},"excerpt":{"rendered":"<p>Coral Infinite nau\u0161nice izra\u0111ene su od dvije niti od srebra koje se isprepli\u0107u u beskona\u010dan krug i \u010dine okosnicu ove kolekcije, a prekrasni energi\u010dni crveni koralji daju im posebnu dimenziju. Koralj kao simbol ljubavi, odanosti i vjernosti neizostavan je detalj ovih nau\u0161nica koje su zbog simbolike ovoga kamena odli\u010dan poklon za godi\u0161njicu braka, veze, ro\u0111endan [&hellip;]<\/p>","protected":false},"featured_media":60636,"template":"","meta":{"_acf_changed":false},"product_brand":[],"product_cat":[284,266,412,338],"product_tag":[],"class_list":{"0":"post-60625","1":"product","2":"type-product","3":"status-publish","4":"has-post-thumbnail","6":"product_cat-infinite-kolekcija","7":"product_cat-nausnice","8":"product_cat-snizenje","9":"product_cat-za-nju","10":"pa_boja-srebrna","12":"first","13":"instock","14":"taxable","15":"shipping-taxable","16":"purchasable","17":"product-type-variable","18":"add-to-wishlist-before_image"},"exclude_global_add_ons":[],"addons":[],"acf":[],"_links":{"self":[{"href":"https:\/\/ivaviljevac.1o1o.com.hr\/en\/wp-json\/wp\/v2\/product\/60625","targetHints":{"allow":["GET"]}}],"collection":[{"href":"https:\/\/ivaviljevac.1o1o.com.hr\/en\/wp-json\/wp\/v2\/product"}],"about":[{"href":"https:\/\/ivaviljevac.1o1o.com.hr\/en\/wp-json\/wp\/v2\/types\/product"}],"wp:featuredmedia":[{"embeddable":true,"href":"https:\/\/ivaviljevac.1o1o.com.hr\/en\/wp-json\/wp\/v2\/media\/60636"}],"wp:attachment":[{"href":"https:\/\/ivaviljevac.1o1o.com.hr\/en\/wp-json\/wp\/v2\/media?parent=60625"}],"wp:term":[{"taxonomy":"product_brand","embeddable":true,"href":"https:\/\/ivaviljevac.1o1o.com.hr\/en\/wp-json\/wp\/v2\/product_brand?post=60625"},{"taxonomy":"product_cat","embeddable":true,"href":"https:\/\/ivaviljevac.1o1o.com.hr\/en\/wp-json\/wp\/v2\/product_cat?post=60625"},{"taxonomy":"product_tag","embeddable":true,"href":"https:\/\/ivaviljevac.1o1o.com.hr\/en\/wp-json\/wp\/v2\/product_tag?post=60625"}],"curies":[{"name":"wp","href":"https:\/\/api.w.org\/{rel}","templated":true}]}}