{"id":60615,"date":"2025-08-05T13:01:59","date_gmt":"2025-08-05T11:01:59","guid":{"rendered":"http:\/\/ivaviljevac.1o1o.com.hr\/?post_type=product&#038;p=60615"},"modified":"2025-08-17T00:00:49","modified_gmt":"2025-08-16T22:00:49","slug":"pearl-infinite-nausnice-rosegold","status":"publish","type":"product","link":"https:\/\/ivaviljevac.1o1o.com.hr\/en\/product-2\/pearl-infinite-nausnice-rosegold\/","title":{"rendered":"Pearl Infinite nau\u0161nice &#8211; rosegold"},"content":{"rendered":"<p>Dvije niti od plemenitog metala \u2013 srebra, koje se isprepli\u0107u u beskona\u010dan krug i \u010dine okosnicu ove kolekcije podsje\u0107at \u0107e vas na vje\u010dnu ljubav, strast i sre\u0107u.<br \/>\nOsim \u0161to \u0107ete uz njih zablistati u posebnim prilikama, mo\u017eete ih nositi i svaki dan jer \u0107e se uklopiti u svaki stil. Jednostavnost ovih nau\u0161nica i ljepota koju im daju biseri \u010dine ih savr\u0161enim modnim dodatkom i idealnim darom za svaku prigodu.<br \/>\nKolekcija je izra\u0111ena ru\u010dno u Hrvatskoj, a simbolizira sve ono neograni\u010deno u nama, ljubav, prijateljstvo, snagu, vjeru.<\/p>","protected":false},"excerpt":{"rendered":"<p>Dvije niti od plemenitog metala \u2013 srebra, koje se isprepli\u0107u u beskona\u010dan krug i \u010dine okosnicu ove kolekcije podsje\u0107at \u0107e vas na vje\u010dnu ljubav, strast i sre\u0107u. Osim \u0161to \u0107ete uz njih zablistati u posebnim prilikama, mo\u017eete ih nositi i svaki dan jer \u0107e se uklopiti u svaki stil. Jednostavnost ovih nau\u0161nica i ljepota koju [&hellip;]<\/p>","protected":false},"featured_media":13244,"template":"","meta":{"_acf_changed":false},"product_brand":[],"product_cat":[284,370,266,412,338],"product_tag":[],"class_list":{"0":"post-60615","1":"product","2":"type-product","3":"status-publish","4":"has-post-thumbnail","6":"product_cat-infinite-kolekcija","7":"product_cat-biserni-nakit","8":"product_cat-nausnice","9":"product_cat-snizenje","10":"product_cat-za-nju","11":"pa_boja-rosegold","12":"pa_materijali-925-srebro-s-pozlatom","13":"pa_materijali-rijecni-biser","15":"first","16":"instock","17":"taxable","18":"shipping-taxable","19":"purchasable","20":"product-type-variable","21":"add-to-wishlist-before_image"},"exclude_global_add_ons":[],"addons":[],"acf":[],"_links":{"self":[{"href":"https:\/\/ivaviljevac.1o1o.com.hr\/en\/wp-json\/wp\/v2\/product\/60615","targetHints":{"allow":["GET"]}}],"collection":[{"href":"https:\/\/ivaviljevac.1o1o.com.hr\/en\/wp-json\/wp\/v2\/product"}],"about":[{"href":"https:\/\/ivaviljevac.1o1o.com.hr\/en\/wp-json\/wp\/v2\/types\/product"}],"wp:featuredmedia":[{"embeddable":true,"href":"https:\/\/ivaviljevac.1o1o.com.hr\/en\/wp-json\/wp\/v2\/media\/13244"}],"wp:attachment":[{"href":"https:\/\/ivaviljevac.1o1o.com.hr\/en\/wp-json\/wp\/v2\/media?parent=60615"}],"wp:term":[{"taxonomy":"product_brand","embeddable":true,"href":"https:\/\/ivaviljevac.1o1o.com.hr\/en\/wp-json\/wp\/v2\/product_brand?post=60615"},{"taxonomy":"product_cat","embeddable":true,"href":"https:\/\/ivaviljevac.1o1o.com.hr\/en\/wp-json\/wp\/v2\/product_cat?post=60615"},{"taxonomy":"product_tag","embeddable":true,"href":"https:\/\/ivaviljevac.1o1o.com.hr\/en\/wp-json\/wp\/v2\/product_tag?post=60615"}],"curies":[{"name":"wp","href":"https:\/\/api.w.org\/{rel}","templated":true}]}}