{"id":60239,"date":"2025-08-05T12:35:07","date_gmt":"2025-08-05T10:35:07","guid":{"rendered":"http:\/\/ivaviljevac.1o1o.com.hr\/?post_type=product&#038;p=60239"},"modified":"2025-08-17T00:00:48","modified_gmt":"2025-08-16T22:00:48","slug":"infinite-nausnice-rosegold","status":"publish","type":"product","link":"https:\/\/ivaviljevac.1o1o.com.hr\/en\/product-2\/infinite-nausnice-rosegold\/","title":{"rendered":"Infinite nau\u0161nice &#8211; rosegold"},"content":{"rendered":"<p>These are our bestelling earrings. Infinite earrings are sleek and elegant earrings that you will wear every day and on special occasions, and they will fit into any style. The simplicity of these earrings makes them the perfect fashion accessory and the ideal gift for any occasion. \"Infinite\" - infinite, without limits. The backbone of this collection consists of two silver threads intertwined in an infinite circle. The collection is handmade in Croatia and symbolizes all that is unlimited in us, love, friendship, strength, faith ...<\/p>","protected":false},"excerpt":{"rendered":"<p>Ovo su na\u0161e najprodavanije nau\u0161nice. Infinite nau\u0161nice su elegantne i chic nau\u0161nice koje \u0107ete nositi svaki dan i u posebnim prilikama, a uklopit \u0107e se u svaki stil. Jednostavnost ovih nau\u0161nica \u010dini ih savr\u0161enim modnim dodatkom i idealnim darom za svaku prigodu. \u201cInfinite\u201d \u2013 beskona\u010dno, bez granica. Dvije niti od srebra koje se isprepli\u0107u u [&hellip;]<\/p>","protected":false},"featured_media":12964,"template":"","meta":{"_acf_changed":false},"product_brand":[],"product_cat":[333,340,341,284,335,280,266,279,412,336],"product_tag":[],"class_list":{"0":"post-60239","1":"product","2":"type-product","3":"status-publish","4":"has-post-thumbnail","6":"product_cat-bestseller","7":"product_cat-do-50-e","8":"product_cat-do-75-e","9":"product_cat-infinite-kolekcija","10":"product_cat-klasicni-komadi","11":"product_cat-nasa-preporuka","12":"product_cat-nausnice","13":"product_cat-popularno","14":"product_cat-snizenje","15":"product_cat-za-svaki-dan","16":"pa_boja-rosegold","18":"first","19":"instock","20":"taxable","21":"shipping-taxable","22":"purchasable","23":"product-type-variable","24":"add-to-wishlist-before_image"},"exclude_global_add_ons":[],"addons":[],"acf":[],"_links":{"self":[{"href":"https:\/\/ivaviljevac.1o1o.com.hr\/en\/wp-json\/wp\/v2\/product\/60239","targetHints":{"allow":["GET"]}}],"collection":[{"href":"https:\/\/ivaviljevac.1o1o.com.hr\/en\/wp-json\/wp\/v2\/product"}],"about":[{"href":"https:\/\/ivaviljevac.1o1o.com.hr\/en\/wp-json\/wp\/v2\/types\/product"}],"wp:featuredmedia":[{"embeddable":true,"href":"https:\/\/ivaviljevac.1o1o.com.hr\/en\/wp-json\/wp\/v2\/media\/12964"}],"wp:attachment":[{"href":"https:\/\/ivaviljevac.1o1o.com.hr\/en\/wp-json\/wp\/v2\/media?parent=60239"}],"wp:term":[{"taxonomy":"product_brand","embeddable":true,"href":"https:\/\/ivaviljevac.1o1o.com.hr\/en\/wp-json\/wp\/v2\/product_brand?post=60239"},{"taxonomy":"product_cat","embeddable":true,"href":"https:\/\/ivaviljevac.1o1o.com.hr\/en\/wp-json\/wp\/v2\/product_cat?post=60239"},{"taxonomy":"product_tag","embeddable":true,"href":"https:\/\/ivaviljevac.1o1o.com.hr\/en\/wp-json\/wp\/v2\/product_tag?post=60239"}],"curies":[{"name":"wp","href":"https:\/\/api.w.org\/{rel}","templated":true}]}}