{"id":60163,"date":"2025-08-05T12:31:36","date_gmt":"2025-08-05T10:31:36","guid":{"rendered":"http:\/\/ivaviljevac.1o1o.com.hr\/?post_type=product&#038;p=60163"},"modified":"2025-08-17T00:00:48","modified_gmt":"2025-08-16T22:00:48","slug":"midi-anchor-narukvica-rosegold","status":"publish","type":"product","link":"https:\/\/ivaviljevac.1o1o.com.hr\/en\/product-2\/midi-anchor-narukvica-rosegold\/","title":{"rendered":"Midi Anchor narukvica &#8211; rosegold"},"content":{"rendered":"<p>\"Midi anchor\" bracelet for women and men is a top quality bracelet that you can give as a gift for various occasions or as a souvenir. This is the perfect summer bracelet, but also a quality and long-lasting piece of jewelry that you will wear all year round. Due to the wide range of ropes and anchors in several colors, this bracelet will fit everyone's taste. This bracelet is adjustable in size. Anchor size: 1.5 cm. Rope thickness: 1 mm - 1.5 mm. All models of bracelets, necklaces and earrings within the \"Total anchor\" collection come in 3 variants: silver, silver with yellow gilding and silver with pink gilding.<\/p>","protected":false},"excerpt":{"rendered":"<p>\u201cMidi anchor\u201d narukvica za \u017eene i mu\u0161karce je narukvica vrhunske kvalitete koju mo\u017eete pokloniti za razne prigode ili kao suvenir. Ovo je savr\u0161ena ljetna narukvica, ali i kvalitetan i dugotrajan komad nakita koji \u0107ete nositi cijele godine. Zbog \u0161iroke palete konopa i sidara u nekoliko boja, ova narukvica uklopit \u0107e se u sva\u010diji ukus. Ova [&hellip;]<\/p>","protected":false},"featured_media":13951,"template":"","meta":{"_acf_changed":false},"product_brand":[],"product_cat":[385,340,341,267,412,283,336],"product_tag":[],"class_list":{"0":"post-60163","1":"product","2":"type-product","3":"status-publish","4":"has-post-thumbnail","6":"product_cat-anchor-collection","7":"product_cat-do-50-e","8":"product_cat-do-75-e","9":"product_cat-narukvice","10":"product_cat-snizenje","11":"product_cat-za-njega","12":"product_cat-za-svaki-dan","13":"pa_boja-rosegold","14":"pa_boja-konopa-bez","15":"pa_boja-konopa-bijela","16":"pa_boja-konopa-bordo","17":"pa_boja-konopa-crna","18":"pa_boja-konopa-crvena","19":"pa_boja-konopa-lila","20":"pa_boja-konopa-ljubicasta","21":"pa_boja-konopa-maslinasto-zelena","22":"pa_boja-konopa-oker","23":"pa_boja-konopa-plava","24":"pa_boja-konopa-roza","25":"pa_boja-konopa-siva","26":"pa_boja-konopa-svijetlo-plava","27":"pa_boja-konopa-tamno-crvena","28":"pa_boja-konopa-tamno-plava","29":"pa_boja-konopa-terracotta","30":"pa_boja-konopa-zelena","31":"pa_velicina-podesive-velicine-s-cvoricima","33":"first","34":"instock","35":"taxable","36":"shipping-taxable","37":"purchasable","38":"product-type-variable","39":"has-default-attributes","40":"add-to-wishlist-before_image"},"exclude_global_add_ons":[],"addons":[],"acf":[],"_links":{"self":[{"href":"https:\/\/ivaviljevac.1o1o.com.hr\/en\/wp-json\/wp\/v2\/product\/60163","targetHints":{"allow":["GET"]}}],"collection":[{"href":"https:\/\/ivaviljevac.1o1o.com.hr\/en\/wp-json\/wp\/v2\/product"}],"about":[{"href":"https:\/\/ivaviljevac.1o1o.com.hr\/en\/wp-json\/wp\/v2\/types\/product"}],"wp:featuredmedia":[{"embeddable":true,"href":"https:\/\/ivaviljevac.1o1o.com.hr\/en\/wp-json\/wp\/v2\/media\/13951"}],"wp:attachment":[{"href":"https:\/\/ivaviljevac.1o1o.com.hr\/en\/wp-json\/wp\/v2\/media?parent=60163"}],"wp:term":[{"taxonomy":"product_brand","embeddable":true,"href":"https:\/\/ivaviljevac.1o1o.com.hr\/en\/wp-json\/wp\/v2\/product_brand?post=60163"},{"taxonomy":"product_cat","embeddable":true,"href":"https:\/\/ivaviljevac.1o1o.com.hr\/en\/wp-json\/wp\/v2\/product_cat?post=60163"},{"taxonomy":"product_tag","embeddable":true,"href":"https:\/\/ivaviljevac.1o1o.com.hr\/en\/wp-json\/wp\/v2\/product_tag?post=60163"}],"curies":[{"name":"wp","href":"https:\/\/api.w.org\/{rel}","templated":true}]}}