{"id":60111,"date":"2025-08-05T12:01:05","date_gmt":"2025-08-05T10:01:05","guid":{"rendered":"http:\/\/ivaviljevac.1o1o.com.hr\/?post_type=product&#038;p=60111"},"modified":"2025-08-17T00:00:47","modified_gmt":"2025-08-16T22:00:47","slug":"fishbone-prsten-zlatni","status":"publish","type":"product","link":"https:\/\/ivaviljevac.1o1o.com.hr\/en\/product-2\/fishbone-prsten-zlatni\/","title":{"rendered":"Fishbone prsten &#8211; zlatni"},"content":{"rendered":"<p>Fishbone prsten je chic statement prsten minimalisti\u010dkog dizajna inspiriranog ribljom kosti.<br \/>\nJednostavan, ali upe\u010datljiv, prsten je koji \u0107ete nositi svaki dan. Uz Fishbone prsten niti jedan drugi na ruci vam nije potreban, ali je naravno dobrodo\u0161ao.<\/p>\n<p>Fishbone prsten prilagodljive je veli\u010dine stoga je odli\u010dan poklon ako ste u strahu kako izabrati nekome <a href=\"http:\/\/ivaviljevac.1o1o.com.hr\/en\/how-to-measure-ring-size\/\"><strong>odgovaraju\u0107u veli\u010dinu prstena<\/strong><\/a>. Birati mo\u017eete izme\u0111u tri veli\u010dine prstena; small, medium i large, a svaka veli\u010dina podesiva je za tri veli\u010dine vi\u0161e ili manje.<\/p>","protected":false},"excerpt":{"rendered":"<p>Fishbone prsten je chic statement prsten minimalisti\u010dkog dizajna inspiriranog ribljom kosti. Jednostavan, ali upe\u010datljiv, prsten je koji \u0107ete nositi svaki dan. Uz Fishbone prsten niti jedan drugi na ruci vam nije potreban, ali je naravno dobrodo\u0161ao. Fishbone prsten prilagodljive je veli\u010dine stoga je odli\u010dan poklon ako ste u strahu kako izabrati nekome odgovaraju\u0107u veli\u010dinu prstena. [&hellip;]<\/p>","protected":false},"featured_media":14124,"template":"","meta":{"_acf_changed":false},"product_brand":[],"product_cat":[341,280,268,412],"product_tag":[],"class_list":{"0":"post-60111","1":"product","2":"type-product","3":"status-publish","4":"has-post-thumbnail","6":"product_cat-do-75-e","7":"product_cat-nasa-preporuka","8":"product_cat-prsteni","9":"product_cat-snizenje","10":"pa_boja-zlatna","11":"pa_materijali-925-srebro-s-pozlatom","12":"pa_velicina-large","13":"pa_velicina-medium","14":"pa_velicina-small","16":"first","17":"instock","18":"taxable","19":"shipping-taxable","20":"purchasable","21":"product-type-variable","22":"add-to-wishlist-before_image"},"exclude_global_add_ons":[],"addons":[],"acf":[],"_links":{"self":[{"href":"https:\/\/ivaviljevac.1o1o.com.hr\/en\/wp-json\/wp\/v2\/product\/60111","targetHints":{"allow":["GET"]}}],"collection":[{"href":"https:\/\/ivaviljevac.1o1o.com.hr\/en\/wp-json\/wp\/v2\/product"}],"about":[{"href":"https:\/\/ivaviljevac.1o1o.com.hr\/en\/wp-json\/wp\/v2\/types\/product"}],"wp:featuredmedia":[{"embeddable":true,"href":"https:\/\/ivaviljevac.1o1o.com.hr\/en\/wp-json\/wp\/v2\/media\/14124"}],"wp:attachment":[{"href":"https:\/\/ivaviljevac.1o1o.com.hr\/en\/wp-json\/wp\/v2\/media?parent=60111"}],"wp:term":[{"taxonomy":"product_brand","embeddable":true,"href":"https:\/\/ivaviljevac.1o1o.com.hr\/en\/wp-json\/wp\/v2\/product_brand?post=60111"},{"taxonomy":"product_cat","embeddable":true,"href":"https:\/\/ivaviljevac.1o1o.com.hr\/en\/wp-json\/wp\/v2\/product_cat?post=60111"},{"taxonomy":"product_tag","embeddable":true,"href":"https:\/\/ivaviljevac.1o1o.com.hr\/en\/wp-json\/wp\/v2\/product_tag?post=60111"}],"curies":[{"name":"wp","href":"https:\/\/api.w.org\/{rel}","templated":true}]}}