{"id":60046,"date":"2025-08-05T11:35:06","date_gmt":"2025-08-05T09:35:06","guid":{"rendered":"http:\/\/ivaviljevac.1o1o.com.hr\/?post_type=product&#038;p=60046"},"modified":"2025-08-17T00:00:46","modified_gmt":"2025-08-16T22:00:46","slug":"infinite-prsten-srebrni","status":"publish","type":"product","link":"https:\/\/ivaviljevac.1o1o.com.hr\/en\/product-2\/infinite-prsten-srebrni\/","title":{"rendered":"Infinite prsten &#8211; srebrni"},"content":{"rendered":"<p>Infinite prsten minimalisti\u010dki je komad nakita koji \u0107ete nositi svaki dan i koji \u0107e se uklopiti u svaki stil. Jednostavan je za kombiniranje i s drugim nakitom. To \u0107e biti ne samo savr\u0161en modni dodatak, ve\u0107 i prsten vje\u010dne ljubavi, prsten prijateljstva, prsten sa zna\u010denjem.<\/p>\n<p>Infinite \u2013 beskona\u010dno, bez granica. Dvije niti od srebra koje se isprepli\u0107u u beskona\u010dan krug \u010dine okosnicu ove kolekcije. Kolekcija je izra\u0111ena ru\u010dno u Hrvatskoj, a simbolizira sve ono neograni\u010deno u nama, ljubav, prijateljstvo, snagu i vjeru.<\/p>\n<p>Pratite <a href=\"http:\/\/ivaviljevac.1o1o.com.hr\/en\/how-to-measure-ring-size\/\"><strong>upute<\/strong><\/a> kako biste odredili odgovaraju\u0107u veli\u010dinu.<\/p>","protected":false},"excerpt":{"rendered":"<p>Infinite prsten minimalisti\u010dki je komad nakita koji \u0107ete nositi svaki dan i koji \u0107e se uklopiti u svaki stil. Jednostavan je za kombiniranje i s drugim nakitom. To \u0107e biti ne samo savr\u0161en modni dodatak, ve\u0107 i prsten vje\u010dne ljubavi, prsten prijateljstva, prsten sa zna\u010denjem. Infinite \u2013 beskona\u010dno, bez granica. Dvije niti od srebra koje [&hellip;]<\/p>","protected":false},"featured_media":14135,"template":"","meta":{"_acf_changed":false},"product_brand":[],"product_cat":[333,340,341,284,335,280,279,268,412,338,336],"product_tag":[],"class_list":{"0":"post-60046","1":"product","2":"type-product","3":"status-publish","4":"has-post-thumbnail","6":"product_cat-bestseller","7":"product_cat-do-50-e","8":"product_cat-do-75-e","9":"product_cat-infinite-kolekcija","10":"product_cat-klasicni-komadi","11":"product_cat-nasa-preporuka","12":"product_cat-popularno","13":"product_cat-prsteni","14":"product_cat-snizenje","15":"product_cat-za-nju","16":"product_cat-za-svaki-dan","17":"pa_boja-srebrna","18":"pa_materijali-925-srebro","19":"pa_velicina-305","20":"pa_velicina-306","21":"pa_velicina-307","22":"pa_velicina-308","23":"pa_velicina-309","24":"pa_velicina-310","25":"pa_velicina-311","26":"pa_velicina-302","27":"pa_velicina-303","28":"pa_velicina-304","30":"first","31":"instock","32":"taxable","33":"shipping-taxable","34":"purchasable","35":"product-type-variable","36":"add-to-wishlist-before_image"},"exclude_global_add_ons":[],"addons":[],"acf":[],"_links":{"self":[{"href":"https:\/\/ivaviljevac.1o1o.com.hr\/en\/wp-json\/wp\/v2\/product\/60046","targetHints":{"allow":["GET"]}}],"collection":[{"href":"https:\/\/ivaviljevac.1o1o.com.hr\/en\/wp-json\/wp\/v2\/product"}],"about":[{"href":"https:\/\/ivaviljevac.1o1o.com.hr\/en\/wp-json\/wp\/v2\/types\/product"}],"wp:featuredmedia":[{"embeddable":true,"href":"https:\/\/ivaviljevac.1o1o.com.hr\/en\/wp-json\/wp\/v2\/media\/14135"}],"wp:attachment":[{"href":"https:\/\/ivaviljevac.1o1o.com.hr\/en\/wp-json\/wp\/v2\/media?parent=60046"}],"wp:term":[{"taxonomy":"product_brand","embeddable":true,"href":"https:\/\/ivaviljevac.1o1o.com.hr\/en\/wp-json\/wp\/v2\/product_brand?post=60046"},{"taxonomy":"product_cat","embeddable":true,"href":"https:\/\/ivaviljevac.1o1o.com.hr\/en\/wp-json\/wp\/v2\/product_cat?post=60046"},{"taxonomy":"product_tag","embeddable":true,"href":"https:\/\/ivaviljevac.1o1o.com.hr\/en\/wp-json\/wp\/v2\/product_tag?post=60046"}],"curies":[{"name":"wp","href":"https:\/\/api.w.org\/{rel}","templated":true}]}}