{"id":59898,"date":"2025-07-30T22:36:33","date_gmt":"2025-07-30T20:36:33","guid":{"rendered":"http:\/\/ivaviljevac.1o1o.com.hr\/?post_type=product&#038;p=59898"},"modified":"2025-08-17T00:00:45","modified_gmt":"2025-08-16T22:00:45","slug":"twist-ogrlica-srebrna","status":"publish","type":"product","link":"https:\/\/ivaviljevac.1o1o.com.hr\/en\/product-2\/twist-ogrlica-srebrna\/","title":{"rendered":"Twist Ogrlica &#8211; srebrna"},"content":{"rendered":"<p><strong>The Twist necklace<\/strong> is made of\u00a0<strong><em>925 silver.<\/em> <\/strong>This <em>.<\/em> The necklace is available in 925 silver<br \/>\n, <strong>golplated silver<\/strong> and <strong>romantic rosegold.<\/strong>It's <strong><em><a href=\"http:\/\/ivaviljevac.1o1o.com.hr\/en\/product-2\/extension-chain\/\">perfect for layering<\/a> <\/em><\/strong>and for your everyday outfit.<\/p>","protected":false},"excerpt":{"rendered":"<p>Twist ogrlica je izra\u0111ena od\u00a0srebra fino\u0107e 925. Atraktivna\u00a0 pletena ogrlica nosiva je u svim prilikama i uz svaku odjevnu kombinaciju. Popularni plet, odnosno tkanje ove ogrlice \u010dini ju neodoljivo sjajnom i blistavom. U na\u0161oj ponudi prona\u0111ite Twist ogrlicu u duljini od 40 cm koja prijanja usko uz vrat i duljini od 45 cm. Ukoliko je [&hellip;]<\/p>","protected":false},"featured_media":57992,"template":"","meta":{"_acf_changed":false},"product_brand":[],"product_cat":[15,341,335,269,285,412,338],"product_tag":[],"class_list":{"0":"post-59898","1":"product","2":"type-product","3":"status-publish","4":"has-post-thumbnail","6":"product_cat-nekategorizirane","7":"product_cat-do-75-e","8":"product_cat-klasicni-komadi","9":"product_cat-lancici","10":"product_cat-ogrlice","11":"product_cat-snizenje","12":"product_cat-za-nju","13":"pa_boja-srebrna","14":"pa_materijali-925-srebro","15":"pa_velicina-40-cm","16":"pa_velicina-45-cm","18":"first","19":"instock","20":"taxable","21":"shipping-taxable","22":"purchasable","23":"product-type-variable","24":"add-to-wishlist-before_image"},"exclude_global_add_ons":[],"addons":[],"acf":[],"_links":{"self":[{"href":"https:\/\/ivaviljevac.1o1o.com.hr\/en\/wp-json\/wp\/v2\/product\/59898","targetHints":{"allow":["GET"]}}],"collection":[{"href":"https:\/\/ivaviljevac.1o1o.com.hr\/en\/wp-json\/wp\/v2\/product"}],"about":[{"href":"https:\/\/ivaviljevac.1o1o.com.hr\/en\/wp-json\/wp\/v2\/types\/product"}],"wp:featuredmedia":[{"embeddable":true,"href":"https:\/\/ivaviljevac.1o1o.com.hr\/en\/wp-json\/wp\/v2\/media\/57992"}],"wp:attachment":[{"href":"https:\/\/ivaviljevac.1o1o.com.hr\/en\/wp-json\/wp\/v2\/media?parent=59898"}],"wp:term":[{"taxonomy":"product_brand","embeddable":true,"href":"https:\/\/ivaviljevac.1o1o.com.hr\/en\/wp-json\/wp\/v2\/product_brand?post=59898"},{"taxonomy":"product_cat","embeddable":true,"href":"https:\/\/ivaviljevac.1o1o.com.hr\/en\/wp-json\/wp\/v2\/product_cat?post=59898"},{"taxonomy":"product_tag","embeddable":true,"href":"https:\/\/ivaviljevac.1o1o.com.hr\/en\/wp-json\/wp\/v2\/product_tag?post=59898"}],"curies":[{"name":"wp","href":"https:\/\/api.w.org\/{rel}","templated":true}]}}