{"id":59870,"date":"2025-07-30T22:25:28","date_gmt":"2025-07-30T20:25:28","guid":{"rendered":"http:\/\/ivaviljevac.1o1o.com.hr\/?post_type=product&#038;p=59870"},"modified":"2025-08-17T00:00:45","modified_gmt":"2025-08-16T22:00:45","slug":"twist-narukvica-zlatna","status":"publish","type":"product","link":"https:\/\/ivaviljevac.1o1o.com.hr\/en\/product-2\/twist-narukvica-zlatna\/","title":{"rendered":"Twist narukvica &#8211; zlatna"},"content":{"rendered":"<p><strong>Twist Bracelet<\/strong> is made of <strong><em>925 silver.<\/em> <\/strong>This <em>silver bracelet<\/em> it is wearable on all occasions and with any outfit. The popular \"rope\" bracelet is irresistibly shiny and bright.<br \/>\nIn our offer, find a Twist bracelet in a length of <strong>16 cm<\/strong> or <strong>16 cm + extension chain<\/strong> \u00a0In addition to silver, you can also choose a silver bracelet in delicate rose gold plating or elegant yellow gold plating.<\/p>","protected":false},"excerpt":{"rendered":"<p>Twist narukvica izra\u0111ena je od srebra fino\u0107e 925. Atraktivna\u00a0 pletena narukvica nosiva je u svim prilikama i uz svaku odjevnu kombinaciju. Popularni plet, odnosno tkanje ove narukvice \u010dini ju neodoljivo sjajnom i blistavom. U na\u0161oj ponudi prona\u0111ite Twist narukvicu u duljini od 16 cm ili 16 cm + ekstenzija. \u00a0Osim u srebru, mo\u017eete birati i [&hellip;]<\/p>","protected":false},"featured_media":54162,"template":"","meta":{"_acf_changed":false},"product_brand":[],"product_cat":[340,335,267,280,412,338],"product_tag":[],"class_list":{"0":"post-59870","1":"product","2":"type-product","3":"status-publish","4":"has-post-thumbnail","6":"product_cat-do-50-e","7":"product_cat-klasicni-komadi","8":"product_cat-narukvice","9":"product_cat-nasa-preporuka","10":"product_cat-snizenje","11":"product_cat-za-nju","12":"pa_boja-zlatna","13":"pa_velicina-16-cm","14":"pa_velicina-16-cm-5-cm-ekstenzija","16":"first","17":"instock","18":"taxable","19":"shipping-taxable","20":"purchasable","21":"product-type-variable","22":"add-to-wishlist-before_image"},"exclude_global_add_ons":[],"addons":[],"acf":[],"_links":{"self":[{"href":"https:\/\/ivaviljevac.1o1o.com.hr\/en\/wp-json\/wp\/v2\/product\/59870","targetHints":{"allow":["GET"]}}],"collection":[{"href":"https:\/\/ivaviljevac.1o1o.com.hr\/en\/wp-json\/wp\/v2\/product"}],"about":[{"href":"https:\/\/ivaviljevac.1o1o.com.hr\/en\/wp-json\/wp\/v2\/types\/product"}],"wp:featuredmedia":[{"embeddable":true,"href":"https:\/\/ivaviljevac.1o1o.com.hr\/en\/wp-json\/wp\/v2\/media\/54162"}],"wp:attachment":[{"href":"https:\/\/ivaviljevac.1o1o.com.hr\/en\/wp-json\/wp\/v2\/media?parent=59870"}],"wp:term":[{"taxonomy":"product_brand","embeddable":true,"href":"https:\/\/ivaviljevac.1o1o.com.hr\/en\/wp-json\/wp\/v2\/product_brand?post=59870"},{"taxonomy":"product_cat","embeddable":true,"href":"https:\/\/ivaviljevac.1o1o.com.hr\/en\/wp-json\/wp\/v2\/product_cat?post=59870"},{"taxonomy":"product_tag","embeddable":true,"href":"https:\/\/ivaviljevac.1o1o.com.hr\/en\/wp-json\/wp\/v2\/product_tag?post=59870"}],"curies":[{"name":"wp","href":"https:\/\/api.w.org\/{rel}","templated":true}]}}