{"id":59854,"date":"2025-07-30T22:18:41","date_gmt":"2025-07-30T20:18:41","guid":{"rendered":"http:\/\/ivaviljevac.1o1o.com.hr\/?post_type=product&#038;p=59854"},"modified":"2025-08-17T00:00:45","modified_gmt":"2025-08-16T22:00:45","slug":"floating-pearl-ogrlica-rosegold","status":"publish","type":"product","link":"https:\/\/ivaviljevac.1o1o.com.hr\/en\/product-2\/floating-pearl-ogrlica-rosegold\/","title":{"rendered":"Floating Pearl ogrlica &#8211; rosegold"},"content":{"rendered":"<article class=\"w-full text-token-text-primary focus-visible:outline-2 focus-visible:outline-offset-[-4px]\" dir=\"auto\" data-testid=\"conversation-turn-4\" data-scroll-anchor=\"false\">\n<div class=\"text-base py-[18px] px-3 md:px-4 m-auto w-full md:px-5 lg:px-4 xl:px-5\">\n<div class=\"mx-auto flex flex-1 gap-4 text-base md:gap-5 lg:gap-6 md:max-w-3xl\">\n<div class=\"group\/conversation-turn relative flex w-full min-w-0 flex-col\">\n<div class=\"flex-col gap-1 md:gap-3\">\n<div class=\"flex max-w-full flex-col flex-grow\">\n<div class=\"min-h-8 text-message flex w-full flex-col items-end gap-2 whitespace-normal break-words [.text-message+&amp;]:mt-5\" dir=\"auto\" data-message-author-role=\"user\" data-message-id=\"aaa28a07-b8e8-4098-a8ad-126537ffc080\">\n<div class=\"flex w-full flex-col gap-1 empty:hidden items-end rtl:items-start\">\n<div class=\"relative max-w-[70%] rounded-3xl px-5 py-2.5 bg-[#f4f4f4] dark:bg-token-main-surface-secondary\">\n<div class=\"whitespace-pre-wrap\">This elegant necklace with freshwater pearls is made from 925 silver with gold plating, making it one of the most durable fashion accessories you can wear for any occasion. This subtle and understated necklace features uniquely shaped pearls, each one distinctive in its own way, turning every necklace into a true work of art. The white color of the pearls beautifully complements tanned skin, adding a touch of sophistication and elegance. A special feature of this necklace is its design, which not only leaves an impression from the front but also enhances the back, as pearls are threaded along the back as well. This allows you to wear the necklace in two different ways. It is also ideal as a gift for the women you cherish most, as giving pearls shows that you appreciate their authenticity and natural beauty. All our products with white details are perfect for weddings and christenings, important occasions where you want to wear jewelry that brings charm to your entire outfit.<\/div>\n<\/div>\n<\/div>\n<\/div>\n<\/div>\n<\/div>\n<\/div>\n<\/div>\n<\/div>\n<\/article>\n<article class=\"w-full text-token-text-primary focus-visible:outline-2 focus-visible:outline-offset-[-4px]\" dir=\"auto\" data-testid=\"conversation-turn-5\" data-scroll-anchor=\"true\">\n<h6 class=\"sr-only\"><\/h6>\n<\/article>","protected":false},"excerpt":{"rendered":"<p>Elegancijom pro\u017eeta Floating Pearl ogrlica s rije\u010dnim biserima izra\u0111ena je od 925 srebra s pozlatom, \u0161to ju \u010dini jednim od najizdr\u017eljivijih modnih dodataka koje mo\u017eete nositi na sve prigode. Ova decentna i nenametljiva ogrlica sadr\u017ei bisere unikatnog oblika, svaki jedinstven na svoj na\u010din, \u010dime svaka ogrlica postaje pravo malo umjetni\u010dko djelo. Bijela boja bisera savr\u0161eno [&hellip;]<\/p>","protected":false},"featured_media":57959,"template":"","meta":{"_acf_changed":false},"product_brand":[],"product_cat":[335,269,370,280,349,285,279,412,409,338],"product_tag":[],"class_list":{"0":"post-59854","1":"product","2":"type-product","3":"status-publish","4":"has-post-thumbnail","6":"product_cat-klasicni-komadi","7":"product_cat-lancici","8":"product_cat-biserni-nakit","9":"product_cat-nasa-preporuka","10":"product_cat-novo","11":"product_cat-ogrlice","12":"product_cat-popularno","13":"product_cat-snizenje","14":"product_cat-valentinovo","15":"product_cat-za-nju","16":"pa_boja-rosegold","17":"pa_materijali-925-srebro-s-pozlatom","18":"pa_materijali-rijecni-biseri","20":"first","21":"instock","22":"taxable","23":"shipping-taxable","24":"purchasable","25":"product-type-variable","26":"add-to-wishlist-before_image"},"exclude_global_add_ons":[],"addons":[],"acf":[],"_links":{"self":[{"href":"https:\/\/ivaviljevac.1o1o.com.hr\/en\/wp-json\/wp\/v2\/product\/59854","targetHints":{"allow":["GET"]}}],"collection":[{"href":"https:\/\/ivaviljevac.1o1o.com.hr\/en\/wp-json\/wp\/v2\/product"}],"about":[{"href":"https:\/\/ivaviljevac.1o1o.com.hr\/en\/wp-json\/wp\/v2\/types\/product"}],"wp:featuredmedia":[{"embeddable":true,"href":"https:\/\/ivaviljevac.1o1o.com.hr\/en\/wp-json\/wp\/v2\/media\/57959"}],"wp:attachment":[{"href":"https:\/\/ivaviljevac.1o1o.com.hr\/en\/wp-json\/wp\/v2\/media?parent=59854"}],"wp:term":[{"taxonomy":"product_brand","embeddable":true,"href":"https:\/\/ivaviljevac.1o1o.com.hr\/en\/wp-json\/wp\/v2\/product_brand?post=59854"},{"taxonomy":"product_cat","embeddable":true,"href":"https:\/\/ivaviljevac.1o1o.com.hr\/en\/wp-json\/wp\/v2\/product_cat?post=59854"},{"taxonomy":"product_tag","embeddable":true,"href":"https:\/\/ivaviljevac.1o1o.com.hr\/en\/wp-json\/wp\/v2\/product_tag?post=59854"}],"curies":[{"name":"wp","href":"https:\/\/api.w.org\/{rel}","templated":true}]}}