{"id":54049,"date":"2023-07-24T19:45:41","date_gmt":"2023-07-24T17:45:41","guid":{"rendered":"http:\/\/ivaviljevac.1o1o.com.hr\/?post_type=product&#038;p=54049"},"modified":"2025-10-09T11:35:22","modified_gmt":"2025-10-09T09:35:22","slug":"single-initial-earpin","status":"publish","type":"product","link":"https:\/\/ivaviljevac.1o1o.com.hr\/en\/product-2\/single-initial-earpin\/","title":{"rendered":"Single Initial Earpin"},"content":{"rendered":"<p>1 piece. If you want a pair, you need to put 2 pieces in the basket.<\/p>\n<p>Initial Earpin is a personalized and chic edition of handmade letter earrings in 925 silver or gold plated silver. They are an excellent choice for wearing in pair, but also alone. You can combine the Initial Earpin with the Long Initial Earpin earring. Due to its simplicity, it will fit into any style, making it a safe gift choice.<\/p>\n<p>This Initial earring is the ideal way to always carry that special letter with style.<\/p>\n<p>If you didn't find the letter you would like in our offer of letters, it is possible to order it.<\/p>\n<p><strong>How to order a custom letter outside of our offer<\/strong>:<br \/>\n1. Choose \"custom letter\" option<br \/>\nChoose plating color<br \/>\n3. In the note section at the final stage of creating an order - at checkout, write which letter you want to order.<\/p>\n<p>Cash on delivery is not possible for items outside the permanent offer that we make to order.<br \/>\nRok isporuke slova izvan stalne ponude je 3 tjedna od potvrde narud\u017ebe.<br \/>\nReturn of \"custom letter\" items is not possible.<\/p>\n<p>&nbsp;<\/p>","protected":false},"excerpt":{"rendered":"<p>1 komad. Ukoliko \u017eelite par, potrebno je staviti 2 komada u ko\u0161aricu. Initial Earpin personalizirano je i chic izdanje ru\u010dno ra\u0111enih nau\u0161nica sa slovima od 925 srebra ili pozla\u0107enog srebra. Odli\u010dan su izbor za no\u0161enje u paru, ali i samostalno. Initial Earpin mo\u017eete kombinirati s Long Inital Earpin nau\u0161nicom.\u00a0 Zbog svoje jednostavnosti uklopit \u0107e se [&hellip;]<\/p>","protected":false},"featured_media":55203,"template":"","meta":{"_acf_changed":false},"product_brand":[],"product_cat":[340,334,332,266,337,412,338,336],"product_tag":[],"class_list":{"0":"post-54049","1":"product","2":"type-product","3":"status-publish","4":"has-post-thumbnail","6":"product_cat-do-50-e","7":"product_cat-earcandy","8":"product_cat-ljeto","9":"product_cat-nausnice","10":"product_cat-personalizirano","11":"product_cat-snizenje","12":"product_cat-za-nju","13":"product_cat-za-svaki-dan","14":"pa_boja-rosegold","15":"pa_boja-srebrna","16":"pa_boja-zlatna","17":"pa_materijali-925-srebro","18":"pa_materijali-925-srebro-s-pozlatom","19":"pa_motiv-a","20":"pa_motiv-d","21":"pa_motiv-e","22":"pa_motiv-i","23":"pa_motiv-j","24":"pa_motiv-k","25":"pa_motiv-l","26":"pa_motiv-m","27":"pa_motiv-n","28":"pa_motiv-p","29":"pa_motiv-r","30":"pa_motiv-s","31":"pa_motiv-t","32":"pa_motiv-v","33":"pa_motiv-custom-letter","35":"first","36":"instock","37":"taxable","38":"shipping-taxable","39":"purchasable","40":"product-type-variable","41":"add-to-wishlist-before_image"},"exclude_global_add_ons":[],"addons":[],"acf":[],"_links":{"self":[{"href":"https:\/\/ivaviljevac.1o1o.com.hr\/en\/wp-json\/wp\/v2\/product\/54049","targetHints":{"allow":["GET"]}}],"collection":[{"href":"https:\/\/ivaviljevac.1o1o.com.hr\/en\/wp-json\/wp\/v2\/product"}],"about":[{"href":"https:\/\/ivaviljevac.1o1o.com.hr\/en\/wp-json\/wp\/v2\/types\/product"}],"wp:featuredmedia":[{"embeddable":true,"href":"https:\/\/ivaviljevac.1o1o.com.hr\/en\/wp-json\/wp\/v2\/media\/55203"}],"wp:attachment":[{"href":"https:\/\/ivaviljevac.1o1o.com.hr\/en\/wp-json\/wp\/v2\/media?parent=54049"}],"wp:term":[{"taxonomy":"product_brand","embeddable":true,"href":"https:\/\/ivaviljevac.1o1o.com.hr\/en\/wp-json\/wp\/v2\/product_brand?post=54049"},{"taxonomy":"product_cat","embeddable":true,"href":"https:\/\/ivaviljevac.1o1o.com.hr\/en\/wp-json\/wp\/v2\/product_cat?post=54049"},{"taxonomy":"product_tag","embeddable":true,"href":"https:\/\/ivaviljevac.1o1o.com.hr\/en\/wp-json\/wp\/v2\/product_tag?post=54049"}],"curies":[{"name":"wp","href":"https:\/\/api.w.org\/{rel}","templated":true}]}}