{"id":53161,"date":"2023-03-27T18:21:13","date_gmt":"2023-03-27T16:21:13","guid":{"rendered":"http:\/\/ivaviljevac.1o1o.com.hr\/?post_type=product&#038;p=53161"},"modified":"2025-08-17T00:00:47","modified_gmt":"2025-08-16T22:00:47","slug":"biserni-prsten","status":"publish","type":"product","link":"https:\/\/ivaviljevac.1o1o.com.hr\/en\/product-2\/biserni-prsten\/","title":{"rendered":"Pearl ring"},"content":{"rendered":"<p>When we talk about pearls, it is most appropriate to repeat the words of Jackie Kennedy: \"<strong>Pearls are always appropriate<\/strong>\". Because we love them with all combinations and on all occasions, we created the Pearl ring.<\/p>\n<p>There are several reasons why a pearl ring will very quickly become a favorite ring in your collection. <strong>It'adjustable in size<\/strong>so you can wear it on different fingers. <strong>It's easy to combine<\/strong> with our other rings due to it's minimalistic design, and thanks to the timeless pearls <strong>it will make your outfit look both chic and glam<\/strong>, thanks to the timeless pearls.<\/p>\n<p>The Pearl ring <strong>is handmade in Croatia, from freshwater pearls and silver<\/strong>, strung on a stretchy thread. <strong>It comes in 5 basic sizes<\/strong>, of which each size, thanks to its stretchy property, covers 3 sizes. Due to the fact that it is a manual work and considering the pre-defined dimensions of the beads themselves, small deviations from the stated measurements are possible.<\/p>\n<p>If you need help choosing a size, read our instructions <a href=\"http:\/\/ivaviljevac.1o1o.com.hr\/en\/how-to-measure-ring-size\/\"><strong>here.<\/strong><\/a>.<\/p>\n<p>If none of the sizes we offer suit you, there is a possibility of making them to order.\nIn that case, it is necessary to contact us by email: info@ivaviljevac.com.<\/p>","protected":false},"excerpt":{"rendered":"<p>Kada govorimo o biserima, najprikladnije je ponoviti rije\u010di Jackie Kennedy: \u201cPearls are always appropriate\u201d.\u00a0 Zato \u0161to ih volimo uz sve kombinacije i u svim prigodama, izradili smo Pearl prsten. Vi\u0161e je razloga za\u0161to \u0107e biserni prsten vrlo brzo postati omiljeni prsten u Va\u0161oj kolekciji. Podesive je veli\u010dine, pa ga mo\u017eete nositi na razli\u010ditim prstima, lako [&hellip;]<\/p>","protected":false},"featured_media":54000,"template":"","meta":{"_acf_changed":false},"product_brand":[],"product_cat":[340,341,370,280,268,412,338,336],"product_tag":[],"class_list":{"0":"post-53161","1":"product","2":"type-product","3":"status-publish","4":"has-post-thumbnail","6":"product_cat-do-50-e","7":"product_cat-do-75-e","8":"product_cat-biserni-nakit","9":"product_cat-nasa-preporuka","10":"product_cat-prsteni","11":"product_cat-snizenje","12":"product_cat-za-nju","13":"product_cat-za-svaki-dan","14":"pa_boja-rosegold","15":"pa_boja-srebrna","16":"pa_boja-zlatna","17":"pa_materijali-925-srebro","18":"pa_materijali-925-srebro-s-pozlatom","19":"pa_materijali-rijecni-biser","20":"pa_velicina-10-12","21":"pa_velicina-13-15","22":"pa_velicina-16-18","23":"pa_velicina-19-21","24":"pa_velicina-7-9","26":"first","27":"instock","28":"taxable","29":"shipping-taxable","30":"purchasable","31":"product-type-variable","32":"add-to-wishlist-before_image"},"exclude_global_add_ons":[],"addons":[],"acf":[],"_links":{"self":[{"href":"https:\/\/ivaviljevac.1o1o.com.hr\/en\/wp-json\/wp\/v2\/product\/53161","targetHints":{"allow":["GET"]}}],"collection":[{"href":"https:\/\/ivaviljevac.1o1o.com.hr\/en\/wp-json\/wp\/v2\/product"}],"about":[{"href":"https:\/\/ivaviljevac.1o1o.com.hr\/en\/wp-json\/wp\/v2\/types\/product"}],"wp:featuredmedia":[{"embeddable":true,"href":"https:\/\/ivaviljevac.1o1o.com.hr\/en\/wp-json\/wp\/v2\/media\/54000"}],"wp:attachment":[{"href":"https:\/\/ivaviljevac.1o1o.com.hr\/en\/wp-json\/wp\/v2\/media?parent=53161"}],"wp:term":[{"taxonomy":"product_brand","embeddable":true,"href":"https:\/\/ivaviljevac.1o1o.com.hr\/en\/wp-json\/wp\/v2\/product_brand?post=53161"},{"taxonomy":"product_cat","embeddable":true,"href":"https:\/\/ivaviljevac.1o1o.com.hr\/en\/wp-json\/wp\/v2\/product_cat?post=53161"},{"taxonomy":"product_tag","embeddable":true,"href":"https:\/\/ivaviljevac.1o1o.com.hr\/en\/wp-json\/wp\/v2\/product_tag?post=53161"}],"curies":[{"name":"wp","href":"https:\/\/api.w.org\/{rel}","templated":true}]}}