{"id":51760,"date":"2022-10-30T22:38:28","date_gmt":"2022-10-30T21:38:28","guid":{"rendered":"http:\/\/ivaviljevac.1o1o.com.hr\/?post_type=product&#038;p=51760"},"modified":"2025-08-17T00:00:47","modified_gmt":"2025-08-16T22:00:47","slug":"lucky-pearl-narukvica","status":"publish","type":"product","link":"https:\/\/ivaviljevac.1o1o.com.hr\/en\/product-2\/lucky-pearl-narukvica\/","title":{"rendered":"Lucky Pearl bracelet"},"content":{"rendered":"<p><strong>Lucky Pearl bracelet with freshwater pearls<\/strong> is handmade in Croatia. River pearls and 925 silver elements are precisely strung on a thread. This thread bracelet is an irresistible simple detail that you will wear every day. It can be easily combined with other <a href=\"http:\/\/ivaviljevac.1o1o.com.hr\/en\/product-category-2\/bracelets\/\">bracelets<\/a> from our offer. The Lucky Pearl bracelet is a version of the Lucky Charm bracelet. Bracelets with thread are a kind of lucky charms and friendship bracelets that bring happiness, love and hope. You can choose between silver, yellow or rose gold. Due to its decency and adjustable size, it is perfect as a gift.<\/p>","protected":false},"excerpt":{"rendered":"<p>Lucky Pearl narukvica s biserima ru\u010dno je izra\u0111ena. Rije\u010dni biseri i elementi od 925 srebra precizno su nanizani na konac. Ova kon\u010dana narukvica neodoljiv je jednostavni detalj koji \u0107ete nositi svaki dan. Lako se kombinira uz ostale narukvice iz na\u0161e ponude. Lucky Pearl narukvica ina\u010dica je Lucky Charm narukvice. Narukvice s koncem svojevrsne su sre\u0107ono\u0161e [&hellip;]<\/p>","protected":false},"featured_media":51851,"template":"","meta":{"_acf_changed":false},"product_brand":[],"product_cat":[340,370,267,412,409,338,336],"product_tag":[],"class_list":{"0":"post-51760","1":"product","2":"type-product","3":"status-publish","4":"has-post-thumbnail","6":"product_cat-do-50-e","7":"product_cat-biserni-nakit","8":"product_cat-narukvice","9":"product_cat-snizenje","10":"product_cat-valentinovo","11":"product_cat-za-nju","12":"product_cat-za-svaki-dan","13":"pa_boja-rosegold","14":"pa_boja-srebrna","15":"pa_boja-zlatna","16":"pa_materijali-925-srebro","17":"pa_materijali-925-srebro-s-pozlatom","18":"pa_materijali-rijecni-biseri","20":"first","21":"instock","22":"taxable","23":"shipping-taxable","24":"purchasable","25":"product-type-variable","26":"has-default-attributes","27":"add-to-wishlist-before_image"},"exclude_global_add_ons":[],"addons":[],"acf":[],"_links":{"self":[{"href":"https:\/\/ivaviljevac.1o1o.com.hr\/en\/wp-json\/wp\/v2\/product\/51760","targetHints":{"allow":["GET"]}}],"collection":[{"href":"https:\/\/ivaviljevac.1o1o.com.hr\/en\/wp-json\/wp\/v2\/product"}],"about":[{"href":"https:\/\/ivaviljevac.1o1o.com.hr\/en\/wp-json\/wp\/v2\/types\/product"}],"wp:featuredmedia":[{"embeddable":true,"href":"https:\/\/ivaviljevac.1o1o.com.hr\/en\/wp-json\/wp\/v2\/media\/51851"}],"wp:attachment":[{"href":"https:\/\/ivaviljevac.1o1o.com.hr\/en\/wp-json\/wp\/v2\/media?parent=51760"}],"wp:term":[{"taxonomy":"product_brand","embeddable":true,"href":"https:\/\/ivaviljevac.1o1o.com.hr\/en\/wp-json\/wp\/v2\/product_brand?post=51760"},{"taxonomy":"product_cat","embeddable":true,"href":"https:\/\/ivaviljevac.1o1o.com.hr\/en\/wp-json\/wp\/v2\/product_cat?post=51760"},{"taxonomy":"product_tag","embeddable":true,"href":"https:\/\/ivaviljevac.1o1o.com.hr\/en\/wp-json\/wp\/v2\/product_tag?post=51760"}],"curies":[{"name":"wp","href":"https:\/\/api.w.org\/{rel}","templated":true}]}}