{"id":51748,"date":"2022-10-31T00:07:53","date_gmt":"2022-10-30T23:07:53","guid":{"rendered":"http:\/\/ivaviljevac.1o1o.com.hr\/?post_type=product&#038;p=51748"},"modified":"2026-01-19T18:28:05","modified_gmt":"2026-01-19T17:28:05","slug":"pearl-drop-ogrlica","status":"publish","type":"product","link":"https:\/\/ivaviljevac.1o1o.com.hr\/en\/product-2\/pearl-drop-ogrlica\/","title":{"rendered":"Pearl Drop necklace"},"content":{"rendered":"<p><strong>Pearl Drop necklace<\/strong> made of 925 silver and freshwater pearls <strong>can be worn in two ways.\u00a0<\/strong><br \/>\nYou can wear it as <strong>as a short necklace closely around the neck<\/strong> with a freshwater pearl placed in the middle of the necklace. The size can be adjusted from 38 to 42 cm. Another way of wearing this piece is a <strong>chic Y-shaped necklace <\/strong>with a pearl at the bottom of the chain that gently descends down the neckline. The necklace is available in silver, yellow gold on silver and rose gold on silver.<\/p>\n<p><strong>Everyday Pearls collection<\/strong> is a collection of jewelry with pearls that you can wear every day. Casual or formal, night or day, wear pearls whenever and however you want. Pearl jewelry is no longer reserved for special occasions, and combining elegant pearls with more casual clothes creates an interesting contrast and gives an attractive everyday look.<\/p>\n<p>&nbsp;<\/p>","protected":false},"excerpt":{"rendered":"<p>Pearl Drop ogrlica od 925 srebra s biserima mo\u017ee se nositi na 2 na\u010dina.\u00a0 Ogrlica se mo\u017ee nositi kao kratka ogrlica uz vrat s rije\u010dnim biserom polo\u017eenim u sredini ogrlice. Veli\u010dina se mo\u017ee podesiti od 38 do 42 cm.\u00a0 Drugi na\u010din je chic ogrlica Y oblika, s biserom na dnu lan\u010di\u0107a koji se lagano spu\u0161ta [&hellip;]<\/p>","protected":false},"featured_media":51845,"template":"","meta":{"_acf_changed":false},"product_brand":[],"product_cat":[341,370,285,279,412,409,338],"product_tag":[],"class_list":{"0":"post-51748","1":"product","2":"type-product","3":"status-publish","4":"has-post-thumbnail","6":"product_cat-do-75-e","7":"product_cat-biserni-nakit","8":"product_cat-ogrlice","9":"product_cat-popularno","10":"product_cat-snizenje","11":"product_cat-valentinovo","12":"product_cat-za-nju","13":"pa_boja-rosegold","14":"pa_boja-srebrna","15":"pa_boja-zlatna","16":"pa_materijali-925-srebro","17":"pa_materijali-925-srebro-s-pozlatom","18":"pa_materijali-rijecni-biseri","20":"first","21":"instock","22":"taxable","23":"shipping-taxable","24":"purchasable","25":"product-type-variable","26":"add-to-wishlist-before_image"},"exclude_global_add_ons":[],"addons":[],"acf":[],"_links":{"self":[{"href":"https:\/\/ivaviljevac.1o1o.com.hr\/en\/wp-json\/wp\/v2\/product\/51748","targetHints":{"allow":["GET"]}}],"collection":[{"href":"https:\/\/ivaviljevac.1o1o.com.hr\/en\/wp-json\/wp\/v2\/product"}],"about":[{"href":"https:\/\/ivaviljevac.1o1o.com.hr\/en\/wp-json\/wp\/v2\/types\/product"}],"wp:featuredmedia":[{"embeddable":true,"href":"https:\/\/ivaviljevac.1o1o.com.hr\/en\/wp-json\/wp\/v2\/media\/51845"}],"wp:attachment":[{"href":"https:\/\/ivaviljevac.1o1o.com.hr\/en\/wp-json\/wp\/v2\/media?parent=51748"}],"wp:term":[{"taxonomy":"product_brand","embeddable":true,"href":"https:\/\/ivaviljevac.1o1o.com.hr\/en\/wp-json\/wp\/v2\/product_brand?post=51748"},{"taxonomy":"product_cat","embeddable":true,"href":"https:\/\/ivaviljevac.1o1o.com.hr\/en\/wp-json\/wp\/v2\/product_cat?post=51748"},{"taxonomy":"product_tag","embeddable":true,"href":"https:\/\/ivaviljevac.1o1o.com.hr\/en\/wp-json\/wp\/v2\/product_tag?post=51748"}],"curies":[{"name":"wp","href":"https:\/\/api.w.org\/{rel}","templated":true}]}}