{"id":12469,"date":"2022-07-08T15:44:36","date_gmt":"2022-07-08T13:44:36","guid":{"rendered":"http:\/\/ivaviljevac.1o1o.com.hr\/proizvod\/cross-ogrlica\/"},"modified":"2025-11-19T12:50:24","modified_gmt":"2025-11-19T11:50:24","slug":"cross-necklace","status":"publish","type":"product","link":"https:\/\/ivaviljevac.1o1o.com.hr\/en\/product-2\/cross-necklace\/","title":{"rendered":"Cross necklace"},"content":{"rendered":"<p>Cross ogrlica je minimalisti\u010dka, ali simboli\u010dna ogrlica koju \u0107ete nositi svaki dan. Ova moderna, lariat ogrlica popularno se naziva Y ogrlica zbog svog oblika. Ru\u010dno je izra\u0111ena od srebra 925\/ pozla\u0107enog srebra i upe\u010datljivog privjeska. Cross privjesak ru\u010dno je izra\u0111en od dvije niti srebra koje se isprepli\u0107u i \u010dine okosnicu ve\u0107 prepoznatljive Infinite kolekcije.<br \/>\nZbog svoje simbolike ova ogrlica idealan je izbor kao poklon za kr\u0161tenje, Prvu Pri\u010dest, Svetu Potvrdu ili neku drugu posebnu prigodu. Mo\u017eete birati izme\u0111u srebra i pozla\u0107enog srebra, odnosno \u017eutog zlata i ru\u017ei\u010dastog zlata. Duljina se mo\u017ee prilagoditi od 45 do 50 cm.<\/p>","protected":false},"excerpt":{"rendered":"<p>Cross ogrlica je minimalisti\u010dka, ali simboli\u010dna ogrlica koju \u0107ete nositi svaki dan. Ova moderna, lariat ogrlica popularno se naziva Y ogrlica zbog svog oblika. Ru\u010dno je izra\u0111ena od srebra 925\/ pozla\u0107enog srebra i upe\u010datljivog privjeska. Cross privjesak ru\u010dno je izra\u0111en od dvije niti srebra koje se isprepli\u0107u i \u010dine okosnicu ve\u0107 prepoznatljive Infinite kolekcije. Zbog [&hellip;]<\/p>","protected":false},"featured_media":12809,"template":"","meta":{"_acf_changed":false},"product_brand":[],"product_cat":[341,285,336],"product_tag":[],"class_list":{"0":"post-12469","1":"product","2":"type-product","3":"status-publish","4":"has-post-thumbnail","6":"product_cat-do-75-e","7":"product_cat-ogrlice","8":"product_cat-za-svaki-dan","9":"pa_boja-rosegold","10":"pa_boja-srebrna","11":"pa_boja-zlatna","12":"pa_velicina-podesive-velicine-44-cm-48-cm","14":"first","15":"outofstock","16":"taxable","17":"shipping-taxable","18":"purchasable","19":"product-type-variable","20":"has-default-attributes","21":"add-to-wishlist-before_image"},"exclude_global_add_ons":[],"addons":[],"acf":[],"_links":{"self":[{"href":"https:\/\/ivaviljevac.1o1o.com.hr\/en\/wp-json\/wp\/v2\/product\/12469","targetHints":{"allow":["GET"]}}],"collection":[{"href":"https:\/\/ivaviljevac.1o1o.com.hr\/en\/wp-json\/wp\/v2\/product"}],"about":[{"href":"https:\/\/ivaviljevac.1o1o.com.hr\/en\/wp-json\/wp\/v2\/types\/product"}],"wp:featuredmedia":[{"embeddable":true,"href":"https:\/\/ivaviljevac.1o1o.com.hr\/en\/wp-json\/wp\/v2\/media\/12809"}],"wp:attachment":[{"href":"https:\/\/ivaviljevac.1o1o.com.hr\/en\/wp-json\/wp\/v2\/media?parent=12469"}],"wp:term":[{"taxonomy":"product_brand","embeddable":true,"href":"https:\/\/ivaviljevac.1o1o.com.hr\/en\/wp-json\/wp\/v2\/product_brand?post=12469"},{"taxonomy":"product_cat","embeddable":true,"href":"https:\/\/ivaviljevac.1o1o.com.hr\/en\/wp-json\/wp\/v2\/product_cat?post=12469"},{"taxonomy":"product_tag","embeddable":true,"href":"https:\/\/ivaviljevac.1o1o.com.hr\/en\/wp-json\/wp\/v2\/product_tag?post=12469"}],"curies":[{"name":"wp","href":"https:\/\/api.w.org\/{rel}","templated":true}]}}