{"id":12454,"date":"2022-07-08T15:44:31","date_gmt":"2022-07-08T13:44:31","guid":{"rendered":"http:\/\/ivaviljevac.1o1o.com.hr\/proizvod\/venetian-narukvica\/"},"modified":"2024-02-18T17:31:51","modified_gmt":"2024-02-18T16:31:51","slug":"venetian-bracelet","status":"publish","type":"product","link":"https:\/\/ivaviljevac.1o1o.com.hr\/en\/product-2\/venetian-bracelet\/","title":{"rendered":"Venetian bracelet"},"content":{"rendered":"<p>Venetian narukvica izra\u0111ena je od lan\u010di\u0107a poznatog naziva \u201cVenecijaner\u201d ili \u201cBox chain\u201d koji je vrlo jednostavan, pun i \u010dvrst lan\u010di\u0107. Njegova \u010dvrsto\u0107a \u010dini ga zahvalnim za dugotrajno no\u0161enje, zato ovu narukvicu mo\u017eete nositi svaki dan.<\/p>\n<p>\u201cVenetian\u201d narukvica duga je 16cm te dolazi u 3 boje: zlatnoj, srebrnoj i rosegold.<br \/>\nAko narukvicu trebate produljiti, dodajte u ko\u0161aricu i ekstenziju.<\/p>","protected":false},"excerpt":{"rendered":"<p>Venetian narukvica izra\u0111ena je od lan\u010di\u0107a poznatog naziva \u201cVenecijaner\u201d ili \u201cBox chain\u201d koji je vrlo jednostavan, pun i \u010dvrst lan\u010di\u0107. Njegova \u010dvrsto\u0107a \u010dini ga zahvalnim za dugotrajno no\u0161enje, zato ovu narukvicu mo\u017eete nositi svaki dan. \u201cVenetian\u201d narukvica duga je 16cm te dolazi u 3 boje: zlatnoj, srebrnoj i rosegold. Ako narukvicu trebate produljiti, dodajte u [&hellip;]<\/p>","protected":false},"featured_media":46591,"template":"","meta":{"_acf_changed":false},"product_brand":[],"product_cat":[340,341,267,336],"product_tag":[],"class_list":{"0":"post-12454","1":"product","2":"type-product","3":"status-publish","4":"has-post-thumbnail","6":"product_cat-do-50-e","7":"product_cat-do-75-e","8":"product_cat-narukvice","9":"product_cat-za-svaki-dan","10":"pa_boja-rosegold","11":"pa_boja-srebrna","12":"pa_boja-zlatna","14":"first","15":"instock","16":"taxable","17":"shipping-taxable","18":"purchasable","19":"product-type-variable","20":"add-to-wishlist-before_image"},"exclude_global_add_ons":[],"addons":[],"acf":[],"_links":{"self":[{"href":"https:\/\/ivaviljevac.1o1o.com.hr\/en\/wp-json\/wp\/v2\/product\/12454","targetHints":{"allow":["GET"]}}],"collection":[{"href":"https:\/\/ivaviljevac.1o1o.com.hr\/en\/wp-json\/wp\/v2\/product"}],"about":[{"href":"https:\/\/ivaviljevac.1o1o.com.hr\/en\/wp-json\/wp\/v2\/types\/product"}],"wp:featuredmedia":[{"embeddable":true,"href":"https:\/\/ivaviljevac.1o1o.com.hr\/en\/wp-json\/wp\/v2\/media\/46591"}],"wp:attachment":[{"href":"https:\/\/ivaviljevac.1o1o.com.hr\/en\/wp-json\/wp\/v2\/media?parent=12454"}],"wp:term":[{"taxonomy":"product_brand","embeddable":true,"href":"https:\/\/ivaviljevac.1o1o.com.hr\/en\/wp-json\/wp\/v2\/product_brand?post=12454"},{"taxonomy":"product_cat","embeddable":true,"href":"https:\/\/ivaviljevac.1o1o.com.hr\/en\/wp-json\/wp\/v2\/product_cat?post=12454"},{"taxonomy":"product_tag","embeddable":true,"href":"https:\/\/ivaviljevac.1o1o.com.hr\/en\/wp-json\/wp\/v2\/product_tag?post=12454"}],"curies":[{"name":"wp","href":"https:\/\/api.w.org\/{rel}","templated":true}]}}