{"id":12442,"date":"2022-07-08T15:44:24","date_gmt":"2022-07-08T13:44:24","guid":{"rendered":"http:\/\/ivaviljevac.1o1o.com.hr\/proizvod\/infinite-kruta-narukvica\/"},"modified":"2026-01-02T17:56:49","modified_gmt":"2026-01-02T16:56:49","slug":"infinite-cuff-bracelet","status":"publish","type":"product","link":"https:\/\/ivaviljevac.1o1o.com.hr\/en\/product-2\/infinite-cuff-bracelet\/","title":{"rendered":"Infinite cuff bracelet"},"content":{"rendered":"<p>Infinite kruta narukvica ru\u010dno je isprepletena od 925 srebra. \u010cvrsta narukvica ru\u010dno je izra\u0111ena od 925 srebra, a dolazi u rozoj ili \u017eutoj pozlati. Narukvica \u010dvrste forme, otvorenog tipa, odgovara gotovo svakom opsegu ruke i \u010dini savr\u0161enu statement narukvicu.<\/p>","protected":false},"excerpt":{"rendered":"<p>Infinite kruta narukvica ru\u010dno je isprepletena od 925 srebra. \u010cvrsta narukvica ru\u010dno je izra\u0111ena od 925 srebra, a dolazi u rozoj ili \u017eutoj pozlati. Narukvica \u010dvrste forme, otvorenog tipa, odgovara gotovo svakom opsegu ruke i \u010dini savr\u0161enu statement narukvicu.<\/p>","protected":false},"featured_media":12868,"template":"","meta":{"_acf_changed":false},"product_brand":[],"product_cat":[284,335,267,338],"product_tag":[],"class_list":{"0":"post-12442","1":"product","2":"type-product","3":"status-publish","4":"has-post-thumbnail","6":"product_cat-infinite-kolekcija","7":"product_cat-klasicni-komadi","8":"product_cat-narukvice","9":"product_cat-za-nju","10":"pa_boja-rosegold","11":"pa_boja-srebrna","12":"pa_boja-zlatna","14":"first","15":"instock","16":"taxable","17":"shipping-taxable","18":"purchasable","19":"product-type-variable","20":"add-to-wishlist-before_image"},"exclude_global_add_ons":[],"addons":[],"acf":[],"_links":{"self":[{"href":"https:\/\/ivaviljevac.1o1o.com.hr\/en\/wp-json\/wp\/v2\/product\/12442","targetHints":{"allow":["GET"]}}],"collection":[{"href":"https:\/\/ivaviljevac.1o1o.com.hr\/en\/wp-json\/wp\/v2\/product"}],"about":[{"href":"https:\/\/ivaviljevac.1o1o.com.hr\/en\/wp-json\/wp\/v2\/types\/product"}],"wp:featuredmedia":[{"embeddable":true,"href":"https:\/\/ivaviljevac.1o1o.com.hr\/en\/wp-json\/wp\/v2\/media\/12868"}],"wp:attachment":[{"href":"https:\/\/ivaviljevac.1o1o.com.hr\/en\/wp-json\/wp\/v2\/media?parent=12442"}],"wp:term":[{"taxonomy":"product_brand","embeddable":true,"href":"https:\/\/ivaviljevac.1o1o.com.hr\/en\/wp-json\/wp\/v2\/product_brand?post=12442"},{"taxonomy":"product_cat","embeddable":true,"href":"https:\/\/ivaviljevac.1o1o.com.hr\/en\/wp-json\/wp\/v2\/product_cat?post=12442"},{"taxonomy":"product_tag","embeddable":true,"href":"https:\/\/ivaviljevac.1o1o.com.hr\/en\/wp-json\/wp\/v2\/product_tag?post=12442"}],"curies":[{"name":"wp","href":"https:\/\/api.w.org\/{rel}","templated":true}]}}