{"id":12406,"date":"2022-07-08T15:44:09","date_gmt":"2022-07-08T13:44:09","guid":{"rendered":"http:\/\/ivaviljevac.1o1o.com.hr\/proizvod\/single-malachite-earpin\/"},"modified":"2024-02-18T19:27:30","modified_gmt":"2024-02-18T18:27:30","slug":"single-malachite-earpin","status":"publish","type":"product","link":"https:\/\/ivaviljevac.1o1o.com.hr\/en\/product-2\/single-malachite-earpin\/","title":{"rendered":"Single Malachite Earpin"},"content":{"rendered":"<p>1 komad<br \/>\nUkoliko \u017eelite par potrebno je staviti 2 komada u ko\u0161aricu.<\/p>\n<p>Kratke nau\u0161nice od srebra\/pozla\u0107enog srebra s poludragim kamenom malahitom zavoljet \u0107ete na prvi pogled. Ove ru\u010dno izra\u0111ene nau\u0161nice nosite svaki dan, na le\u017eernu odjevnu kombinaciju, ali i na poslovnu. Ne\u0107e Vas razo\u010darati ni kad ih izaberete staviti za posebne prigode.<\/p>\n<p>Ukupna duljina nau\u0161nice s privjeskom: cca 1,5 cm<\/p>","protected":false},"excerpt":{"rendered":"<p>1 komad Ukoliko \u017eelite par potrebno je staviti 2 komada u ko\u0161aricu. Kratke nau\u0161nice od srebra\/pozla\u0107enog srebra s poludragim kamenom malahitom zavoljet \u0107ete na prvi pogled. Ove ru\u010dno izra\u0111ene nau\u0161nice nosite svaki dan, na le\u017eernu odjevnu kombinaciju, ali i na poslovnu. Ne\u0107e Vas razo\u010darati ni kad ih izaberete staviti za posebne prigode. Ukupna duljina nau\u0161nice [&hellip;]<\/p>","protected":false},"featured_media":12935,"template":"","meta":{"_acf_changed":false},"product_brand":[],"product_cat":[339,340,341,334,266],"product_tag":[],"class_list":{"0":"post-12406","1":"product","2":"type-product","3":"status-publish","4":"has-post-thumbnail","6":"product_cat-do-20-e","7":"product_cat-do-50-e","8":"product_cat-do-75-e","9":"product_cat-earcandy","10":"product_cat-nausnice","11":"pa_boja-rosegold","12":"pa_boja-srebrna","13":"pa_boja-zlatna","15":"first","16":"instock","17":"taxable","18":"shipping-taxable","19":"purchasable","20":"product-type-variable","21":"add-to-wishlist-before_image"},"exclude_global_add_ons":[],"addons":[],"acf":[],"_links":{"self":[{"href":"https:\/\/ivaviljevac.1o1o.com.hr\/en\/wp-json\/wp\/v2\/product\/12406","targetHints":{"allow":["GET"]}}],"collection":[{"href":"https:\/\/ivaviljevac.1o1o.com.hr\/en\/wp-json\/wp\/v2\/product"}],"about":[{"href":"https:\/\/ivaviljevac.1o1o.com.hr\/en\/wp-json\/wp\/v2\/types\/product"}],"wp:featuredmedia":[{"embeddable":true,"href":"https:\/\/ivaviljevac.1o1o.com.hr\/en\/wp-json\/wp\/v2\/media\/12935"}],"wp:attachment":[{"href":"https:\/\/ivaviljevac.1o1o.com.hr\/en\/wp-json\/wp\/v2\/media?parent=12406"}],"wp:term":[{"taxonomy":"product_brand","embeddable":true,"href":"https:\/\/ivaviljevac.1o1o.com.hr\/en\/wp-json\/wp\/v2\/product_brand?post=12406"},{"taxonomy":"product_cat","embeddable":true,"href":"https:\/\/ivaviljevac.1o1o.com.hr\/en\/wp-json\/wp\/v2\/product_cat?post=12406"},{"taxonomy":"product_tag","embeddable":true,"href":"https:\/\/ivaviljevac.1o1o.com.hr\/en\/wp-json\/wp\/v2\/product_tag?post=12406"}],"curies":[{"name":"wp","href":"https:\/\/api.w.org\/{rel}","templated":true}]}}