{"id":10,"date":"2021-11-02T13:53:21","date_gmt":"2021-11-02T12:53:21","guid":{"rendered":"http:\/\/ivaviljevac.1o1o.com.hr\/moj-racun\/"},"modified":"2022-02-08T08:35:17","modified_gmt":"2022-02-08T07:35:17","slug":"my-account","status":"publish","type":"page","link":"https:\/\/ivaviljevac.1o1o.com.hr\/en\/my-account\/","title":{"rendered":"My account"},"content":{"rendered":"<div data-elementor-type=\"wp-page\" data-elementor-id=\"10\" class=\"elementor elementor-10\" data-elementor-post-type=\"page\">\n\t\t\t\t\t\t<section class=\"elementor-section elementor-top-section elementor-element elementor-element-60e0cdb7 elementor-section-boxed elementor-section-height-default elementor-section-height-default\" data-id=\"60e0cdb7\" data-element_type=\"section\" data-e-type=\"section\">\n\t\t\t\t\t\t<div class=\"elementor-container elementor-column-gap-default\">\n\t\t\t\t\t<div class=\"elementor-column elementor-col-100 elementor-top-column elementor-element elementor-element-79f27983\" data-id=\"79f27983\" data-element_type=\"column\" data-e-type=\"column\">\n\t\t\t<div class=\"elementor-widget-wrap elementor-element-populated\">\n\t\t\t\t\t\t<div class=\"elementor-element elementor-element-3d3ceb3 my-account-section-ele e-my-account-tabs-vertical elementor-widget elementor-widget-woocommerce-my-account\" data-id=\"3d3ceb3\" data-element_type=\"widget\" data-e-type=\"widget\" data-settings=\"{&quot;forms_buttons_hover_animation&quot;:&quot;grow&quot;,&quot;tables_button_hover_animation&quot;:&quot;grow&quot;}\" data-widget_type=\"woocommerce-my-account.default\">\n\t\t\t\t<div class=\"elementor-widget-container\">\n\t\t\t\t\t<div class=\"e-my-account-tab e-my-account-tab__\">\t\t\t<div class=\"woocommerce\"><\/div>\t\t<\/div>\n\t\t\t\t\t\t<\/div>\n\t\t\t\t<\/div>\n\t\t\t\t\t<\/div>\n\t\t<\/div>\n\t\t\t\t\t<\/div>\n\t\t<\/section>\n\t\t\t\t<\/div>","protected":false},"excerpt":{"rendered":"<p>Kontrolna plo\u010da Wishlist Narud\u017ebe Lista \u017eelja Adrese Detalji ra\u010duna Odjava Pozdrav ForgeBIT (nisi ForgeBIT? Odjava) Iz svoje nadzorne plo\u010de mo\u017eete pregledati svoje posljednje narud\u017ebe, urediti svoje adrese za naplatu i dostavu i urediti svoju lozinku i detalje korisni\u010dkog ra\u010duna.<\/p>","protected":false},"author":1,"featured_media":0,"parent":0,"menu_order":0,"comment_status":"closed","ping_status":"closed","template":"elementor_header_footer","meta":{"_acf_changed":false,"footnotes":""},"class_list":["post-10","page","type-page","status-publish","hentry"],"acf":[],"_links":{"self":[{"href":"https:\/\/ivaviljevac.1o1o.com.hr\/en\/wp-json\/wp\/v2\/pages\/10","targetHints":{"allow":["GET"]}}],"collection":[{"href":"https:\/\/ivaviljevac.1o1o.com.hr\/en\/wp-json\/wp\/v2\/pages"}],"about":[{"href":"https:\/\/ivaviljevac.1o1o.com.hr\/en\/wp-json\/wp\/v2\/types\/page"}],"author":[{"embeddable":true,"href":"https:\/\/ivaviljevac.1o1o.com.hr\/en\/wp-json\/wp\/v2\/users\/1"}],"replies":[{"embeddable":true,"href":"https:\/\/ivaviljevac.1o1o.com.hr\/en\/wp-json\/wp\/v2\/comments?post=10"}],"version-history":[{"count":0,"href":"https:\/\/ivaviljevac.1o1o.com.hr\/en\/wp-json\/wp\/v2\/pages\/10\/revisions"}],"wp:attachment":[{"href":"https:\/\/ivaviljevac.1o1o.com.hr\/en\/wp-json\/wp\/v2\/media?parent=10"}],"curies":[{"name":"wp","href":"https:\/\/api.w.org\/{rel}","templated":true}]}}